{"id":2464,"date":"2023-12-27T04:48:37","date_gmt":"2023-12-27T02:48:37","guid":{"rendered":"https:\/\/barcilunaprivatetoursbarcelona.com\/?page_id=2464"},"modified":"2024-02-09T10:18:45","modified_gmt":"2024-02-09T08:18:45","slug":"barcelona-tailor-made-tour","status":"publish","type":"page","link":"https:\/\/barcilunaprivatetoursbarcelona.com\/es\/barcelona-tailor-made-tour\/","title":{"rendered":"TOUR A MEDIDA DE BARCELONA"},"content":{"rendered":"<div data-elementor-type=\"wp-page\" data-elementor-id=\"2464\" class=\"elementor elementor-2464\" data-elementor-post-type=\"page\">\n\t\t\t\t<div class=\"elementor-element elementor-element-9e0173b e-flex e-con-boxed wpr-particle-no wpr-jarallax-no wpr-parallax-no wpr-sticky-section-no e-con e-parent\" data-id=\"9e0173b\" data-element_type=\"container\" data-settings=\"{&quot;background_background&quot;:&quot;classic&quot;}\">\n\t\t\t\t\t<div class=\"e-con-inner\">\n\t\t<div class=\"elementor-element elementor-element-1dde7fb e-con-full e-flex wpr-particle-no wpr-jarallax-no wpr-parallax-no wpr-sticky-section-no e-con e-child\" data-id=\"1dde7fb\" data-element_type=\"container\" data-settings=\"{&quot;background_background&quot;:&quot;gradient&quot;}\">\n\t\t\t\t<div class=\"elementor-element elementor-element-77cbf23 elementor-widget elementor-widget-heading\" data-id=\"77cbf23\" data-element_type=\"widget\" data-widget_type=\"heading.default\">\n\t\t\t\t<div class=\"elementor-widget-container\">\n\t\t\t\t\t<h2 class=\"elementor-heading-title elementor-size-default\">TOUR A MEDIDA DE BARCELONA<\/h2>\t\t\t\t<\/div>\n\t\t\t\t<\/div>\n\t\t\t\t<\/div>\n\t\t<div class=\"elementor-element elementor-element-18fddce e-con-full e-flex wpr-particle-no wpr-jarallax-no wpr-parallax-no wpr-sticky-section-no e-con e-child\" data-id=\"18fddce\" data-element_type=\"container\" data-settings=\"{&quot;background_background&quot;:&quot;classic&quot;}\">\n\t\t\t\t<div class=\"elementor-element elementor-element-a6f8fb9 elementor-widget__width-initial elementor--h-position-center elementor--v-position-middle elementor-arrows-position-inside elementor-pagination-position-inside elementor-widget elementor-widget-slides\" data-id=\"a6f8fb9\" data-element_type=\"widget\" data-settings=\"{&quot;transition&quot;:&quot;fade&quot;,&quot;autoplay_speed&quot;:2000,&quot;navigation&quot;:&quot;both&quot;,&quot;autoplay&quot;:&quot;yes&quot;,&quot;pause_on_hover&quot;:&quot;yes&quot;,&quot;pause_on_interaction&quot;:&quot;yes&quot;,&quot;infinite&quot;:&quot;yes&quot;,&quot;transition_speed&quot;:500}\" data-widget_type=\"slides.default\">\n\t\t\t\t<div class=\"elementor-widget-container\">\n\t\t\t\t\t\t\t\t\t<div class=\"elementor-swiper\">\n\t\t\t\t\t<div class=\"elementor-slides-wrapper elementor-main-swiper swiper\" role=\"region\" aria-roledescription=\"carousel\" aria-label=\"Slides\" dir=\"ltr\" data-animation=\"fadeInDown\">\n\t\t\t\t<div class=\"swiper-wrapper elementor-slides\">\n\t\t\t\t\t\t\t\t\t\t<div class=\"elementor-repeater-item-7857548 swiper-slide\" role=\"group\" aria-roledescription=\"slide\"><div class=\"swiper-slide-bg\" role=\"img\"><\/div><div class=\"swiper-slide-inner\" ><div class=\"swiper-slide-contents\"><\/div><\/div><\/div><div class=\"elementor-repeater-item-968ca4a swiper-slide\" role=\"group\" aria-roledescription=\"slide\"><div class=\"swiper-slide-bg\" role=\"img\"><\/div><div class=\"swiper-slide-inner\" ><div class=\"swiper-slide-contents\"><\/div><\/div><\/div><div class=\"elementor-repeater-item-b40ed6b swiper-slide\" role=\"group\" aria-roledescription=\"slide\"><div class=\"swiper-slide-bg\" role=\"img\"><\/div><div class=\"swiper-slide-inner\" ><div class=\"swiper-slide-contents\"><\/div><\/div><\/div><div class=\"elementor-repeater-item-56dcf9c swiper-slide\" role=\"group\" aria-roledescription=\"slide\"><div class=\"swiper-slide-bg\" role=\"img\"><\/div><div class=\"swiper-slide-inner\" ><div class=\"swiper-slide-contents\"><\/div><\/div><\/div>\t\t\t\t<\/div>\n\t\t\t\t\t\t\t\t\t\t\t\t\t\t\t<div class=\"elementor-swiper-button elementor-swiper-button-prev\" role=\"button\" tabindex=\"0\" aria-label=\"Previous slide\">\n\t\t\t\t\t\t\t<i aria-hidden=\"true\" class=\"eicon-chevron-left\"><\/i>\t\t\t\t\t\t<\/div>\n\t\t\t\t\t\t<div class=\"elementor-swiper-button elementor-swiper-button-next\" role=\"button\" tabindex=\"0\" aria-label=\"Next slide\">\n\t\t\t\t\t\t\t<i aria-hidden=\"true\" class=\"eicon-chevron-right\"><\/i>\t\t\t\t\t\t<\/div>\n\t\t\t\t\t\t\t\t\t\t\t\t\t\t\t\t<div class=\"swiper-pagination\"><\/div>\n\t\t\t\t\t\t\t\t\t\t\t\t<\/div>\n\t\t\t\t<\/div>\n\t\t\t\t\t\t\t\t<\/div>\n\t\t\t\t<\/div>\n\t\t\t\t<div class=\"elementor-element elementor-element-aa17136 elementor-widget elementor-widget-html\" data-id=\"aa17136\" data-element_type=\"widget\" data-widget_type=\"html.default\">\n\t\t\t\t<div class=\"elementor-widget-container\">\n\t\t\t\t\t<style>\r\n    .boton-flotante {\r\n        position: fixed;\r\n        bottom: 80px;\r\n        left:45px;\r\n        background-color:#1CD173;\r\n        \r\n        color: #ffffff!important;\r\n        font-weight: 700;\r\n        padding: 10px 20px;\r\n        border-radius: 30px;\r\n        cursor: pointer;\r\n        z-index: 1000;\r\n    }\r\n    .boton-flotante:hover {\r\n        background-color: #ac0ab8;\r\n    \r\n<\/style>\r\n\r\n<a href=\"https:\/\/barcilunaprivatetoursbarcelona.com\/es\/contact\/\" class=\"boton-flotante\">BOOK NOW<\/a>\r\n\t\t\t\t<\/div>\n\t\t\t\t<\/div>\n\t\t\t\t<\/div>\n\t\t<div class=\"elementor-element elementor-element-d508b6d e-con-full e-flex wpr-particle-no wpr-jarallax-no wpr-parallax-no wpr-sticky-section-no e-con e-child\" data-id=\"d508b6d\" data-element_type=\"container\" data-settings=\"{&quot;background_background&quot;:&quot;classic&quot;}\">\n\t\t\t\t<div class=\"elementor-element elementor-element-68af2c3 elementor-widget elementor-widget-heading\" data-id=\"68af2c3\" data-element_type=\"widget\" data-widget_type=\"heading.default\">\n\t\t\t\t<div class=\"elementor-widget-container\">\n\t\t\t\t\t<h4 class=\"elementor-heading-title elementor-size-default\">DISE\u00d1A TU TOUR <\/h4>\t\t\t\t<\/div>\n\t\t\t\t<\/div>\n\t\t\t\t<div class=\"elementor-element elementor-element-5d6e3dc elementor-widget elementor-widget-text-editor\" data-id=\"5d6e3dc\" data-element_type=\"widget\" data-widget_type=\"text-editor.default\">\n\t\t\t\t<div class=\"elementor-widget-container\">\n\t\t\t\t\t\t\t\t\t<p><span style=\"font-weight: 400;\">\u00bfPrefieres planificar t\u00fa mismo tu visita?<\/span><\/p><p><span style=\"font-weight: 400;\">Cu\u00e9ntanos qu\u00e9 lugares, monumentos y sitios quieres visitar en Barcelona, y<\/span><b> Adaptaremos su recorrido a sus necesidades e intereses.<\/b><span style=\"font-weight: 400;\">.\u00a0<\/span><\/p><p><span style=\"font-weight: 400;\">Quiz\u00e1s quieras combinar diferentes tours o crear tu propio tour. Te ayudaremos y asesoraremos para organizar tu tour privado por Barcelona y descubrir la ciudad de forma f\u00e1cil y divertida. Somos un equipo con los mejores gu\u00edas tur\u00edsticos de Barcelona, todos con licencia y locales.<\/span><\/p><p><b>Nosotros podemos ofrecerte premium<\/b> <b>transportation: <\/b><span style=\"font-weight: 400;\">dependiendo del n\u00famero de viajeros: <\/span><b>una furgoneta mercedes<\/b><span style=\"font-weight: 400;\">, minib\u00fas o autob\u00fas conducido por <\/span>a<b> chofer profesional.<\/b><\/p><p><b>Tambi\u00e9n organizamos tours corporativos para empresas o visitas culturales para colegios y universidades.\u00a0<\/b><\/p><p><span style=\"font-weight: 400;\">Empecemos a personalizar <\/span><b>tu recorrido y experiencia \u00fanica<\/b><span style=\"font-weight: 400;\">!<\/span><\/p><p>\u00a0<\/p><h5 style=\"text-align: center;\"><span style=\"color: #ff00ff;\"><a style=\"color: #ff00ff;\" href=\"https:\/\/barcilunaprivatetoursbarcelona.com\/es\/contact\/\"><span style=\"font-weight: 400;\"><span class=\"fe5nidar khvhiq1o r5qsrrlp i5tg98hk f9ovudaz przvwfww gx1rr48f gfz4du6o r7fjleex nz2484kf svot0ezm dcnh1tix sxl192xd t3g6t33p\"><span class=\"mpj7bzys xzlurrtv\">\ud83d\udc49\ud83c\udffb<\/span><\/span><\/span><\/a><\/span><span style=\"color: #ff00ff;\"><a style=\"color: #ff00ff;\" href=\"https:\/\/barcilunaprivatetoursbarcelona.com\/es\/contact\/\"><span style=\"font-weight: 400;\">\u00a0Comienza tu mejor tour a medida por Barcelona.<span class=\"fe5nidar khvhiq1o r5qsrrlp i5tg98hk f9ovudaz przvwfww gx1rr48f gfz4du6o r7fjleex nz2484kf svot0ezm dcnh1tix sxl192xd t3g6t33p\"><span class=\"mpj7bzys xzlurrtv\">\ud83d\udc48\ud83c\udffb<\/span><\/span><\/span><\/a><\/span><\/h5>\t\t\t\t\t\t\t\t<\/div>\n\t\t\t\t<\/div>\n\t\t\t\t<\/div>\n\t\t\t\t\t<\/div>\n\t\t\t\t<\/div>\n\t\t\t\t<section class=\"elementor-section elementor-top-section elementor-element elementor-element-16338e6 elementor-section-boxed elementor-section-height-default elementor-section-height-default wpr-particle-no wpr-jarallax-no wpr-parallax-no wpr-sticky-section-no\" data-id=\"16338e6\" data-element_type=\"section\" data-settings=\"{&quot;background_background&quot;:&quot;classic&quot;,&quot;shape_divider_top&quot;:&quot;tilt&quot;}\">\n\t\t\t\t\t<div class=\"elementor-shape elementor-shape-top\" aria-hidden=\"true\" data-negative=\"false\">\n\t\t\t<svg xmlns=\"http:\/\/www.w3.org\/2000\/svg\" viewbox=\"0 0 1000 100\" preserveaspectratio=\"none\">\n\t<path class=\"elementor-shape-fill\" d=\"M0,6V0h1000v100L0,6z\"\/>\n<\/svg>\t\t<\/div>\n\t\t\t\t\t<div class=\"elementor-container elementor-column-gap-default\">\n\t\t\t\t\t<div class=\"elementor-column elementor-col-100 elementor-top-column elementor-element elementor-element-ed94645\" data-id=\"ed94645\" data-element_type=\"column\">\n\t\t\t<div class=\"elementor-widget-wrap\">\n\t\t\t\t\t\t\t<\/div>\n\t\t<\/div>\n\t\t\t\t\t<\/div>\n\t\t<\/section>\n\t\t<div class=\"elementor-element elementor-element-a212e38 e-flex e-con-boxed wpr-particle-no wpr-jarallax-no wpr-parallax-no wpr-sticky-section-no e-con e-parent\" data-id=\"a212e38\" data-element_type=\"container\">\n\t\t\t\t\t<div class=\"e-con-inner\">\n\t\t\t\t\t<\/div>\n\t\t\t\t<\/div>\n\t\t\t\t<\/div>","protected":false},"excerpt":{"rendered":"<p>BARCELONA TAILOR-MADE TOUR Previous slide Next slide BOOK NOW DESIGN YOU TOUR Do you prefer to plan your visit yourself? Let us know what places, monuments, and sites you want to visit in Barcelona, and we will tailor your tour to your needs and interests.\u00a0 Perhaps you want to combine different tours or to compose your own tour. We will help you and advise you to organise your Barcelona private tour and discover the city easily and enjoyably. We are a team with the best tour guides in Barcelona, all fully licensed and locals. We can offer you premium transportation: dependent on the number of travellers: a Mercedes van, minibus or bus driven by a professional chauffeur. We also organise corporate tours for companies or cultural visits for schools and universities.\u00a0 Let&#8217;s start to customise your tour and unique experience! \u00a0 ????????\u00a0Your best tailor-made tour of Barcelona starts.????????<\/p>","protected":false},"author":1,"featured_media":0,"parent":0,"menu_order":4,"comment_status":"closed","ping_status":"closed","template":"elementor_header_footer","meta":{"footnotes":""},"class_list":["post-2464","page","type-page","status-publish","hentry"],"yoast_head":"<!-- This site is optimized with the Yoast SEO plugin v23.6 - https:\/\/yoast.com\/wordpress\/plugins\/seo\/ -->\n<title>BARCELONA TAILOR-MADE TOUR - Barciluna private tours barcelona<\/title>\n<meta name=\"robots\" content=\"index, follow, max-snippet:-1, max-image-preview:large, max-video-preview:-1\" \/>\n<link rel=\"canonical\" href=\"https:\/\/barcilunaprivatetoursbarcelona.com\/es\/barcelona-tailor-made-tour\/\" \/>\n<meta property=\"og:locale\" content=\"es_ES\" \/>\n<meta property=\"og:type\" content=\"article\" \/>\n<meta property=\"og:title\" content=\"BARCELONA TAILOR-MADE TOUR - Barciluna private tours barcelona\" \/>\n<meta property=\"og:description\" content=\"BARCELONA TAILOR-MADE TOUR Previous slide Next slide BOOK NOW DESIGN YOU TOUR Do you prefer to plan your visit yourself? Let us know what places, monuments, and sites you want to visit in Barcelona, and we will tailor your tour to your needs and interests.\u00a0 Perhaps you want to combine different tours or to compose your own tour. We will help you and advise you to organise your Barcelona private tour and discover the city easily and enjoyably. We are a team with the best tour guides in Barcelona, all fully licensed and locals. We can offer you premium transportation: dependent on the number of travellers: a Mercedes van, minibus or bus driven by a professional chauffeur. We also organise corporate tours for companies or cultural visits for schools and universities.\u00a0 Let&#8217;s start to customise your tour and unique experience! \u00a0 ????????\u00a0Your best tailor-made tour of Barcelona starts.????????\" \/>\n<meta property=\"og:url\" content=\"https:\/\/barcilunaprivatetoursbarcelona.com\/es\/barcelona-tailor-made-tour\/\" \/>\n<meta property=\"og:site_name\" content=\"Barciluna private tours barcelona\" \/>\n<meta property=\"article:modified_time\" content=\"2024-02-09T08:18:45+00:00\" \/>\n<meta property=\"og:image\" content=\"https:\/\/barcilunaprivatetoursbarcelona.com\/wp-content\/uploads\/2023\/09\/WhatsApp-Image-2023-08-17-at-15.56.00-1.jpeg\" \/>\n\t<meta property=\"og:image:width\" content=\"1600\" \/>\n\t<meta property=\"og:image:height\" content=\"1600\" \/>\n\t<meta property=\"og:image:type\" content=\"image\/jpeg\" \/>\n<meta name=\"twitter:card\" content=\"summary_large_image\" \/>\n<meta name=\"twitter:label1\" content=\"Tiempo de lectura\" \/>\n\t<meta name=\"twitter:data1\" content=\"1 minuto\" \/>\n<script type=\"application\/ld+json\" class=\"yoast-schema-graph\">{\"@context\":\"https:\/\/schema.org\",\"@graph\":[{\"@type\":\"WebPage\",\"@id\":\"https:\/\/barcilunaprivatetoursbarcelona.com\/barcelona-tailor-made-tour\/\",\"url\":\"https:\/\/barcilunaprivatetoursbarcelona.com\/barcelona-tailor-made-tour\/\",\"name\":\"BARCELONA TAILOR-MADE TOUR - Barciluna private tours barcelona\",\"isPartOf\":{\"@id\":\"https:\/\/barcilunaprivatetoursbarcelona.com\/#website\"},\"datePublished\":\"2023-12-27T02:48:37+00:00\",\"dateModified\":\"2024-02-09T08:18:45+00:00\",\"breadcrumb\":{\"@id\":\"https:\/\/barcilunaprivatetoursbarcelona.com\/barcelona-tailor-made-tour\/#breadcrumb\"},\"inLanguage\":\"es\",\"potentialAction\":[{\"@type\":\"ReadAction\",\"target\":[\"https:\/\/barcilunaprivatetoursbarcelona.com\/barcelona-tailor-made-tour\/\"]}]},{\"@type\":\"BreadcrumbList\",\"@id\":\"https:\/\/barcilunaprivatetoursbarcelona.com\/barcelona-tailor-made-tour\/#breadcrumb\",\"itemListElement\":[{\"@type\":\"ListItem\",\"position\":1,\"name\":\"Home\",\"item\":\"https:\/\/barcilunaprivatetoursbarcelona.com\/\"},{\"@type\":\"ListItem\",\"position\":2,\"name\":\"BARCELONA TAILOR-MADE TOUR\"}]},{\"@type\":\"WebSite\",\"@id\":\"https:\/\/barcilunaprivatetoursbarcelona.com\/#website\",\"url\":\"https:\/\/barcilunaprivatetoursbarcelona.com\/\",\"name\":\"Barciluna Private Tours Barcelona\",\"description\":\"Barciluna  private tours barcelona\",\"publisher\":{\"@id\":\"https:\/\/barcilunaprivatetoursbarcelona.com\/#organization\"},\"alternateName\":\"Barciluna Private Tours Barcelona\",\"potentialAction\":[{\"@type\":\"SearchAction\",\"target\":{\"@type\":\"EntryPoint\",\"urlTemplate\":\"https:\/\/barcilunaprivatetoursbarcelona.com\/?s={search_term_string}\"},\"query-input\":{\"@type\":\"PropertyValueSpecification\",\"valueRequired\":true,\"valueName\":\"search_term_string\"}}],\"inLanguage\":\"es\"},{\"@type\":\"Organization\",\"@id\":\"https:\/\/barcilunaprivatetoursbarcelona.com\/#organization\",\"name\":\"Barciluna Private Tours Barcelona\",\"url\":\"https:\/\/barcilunaprivatetoursbarcelona.com\/\",\"logo\":{\"@type\":\"ImageObject\",\"inLanguage\":\"es\",\"@id\":\"https:\/\/barcilunaprivatetoursbarcelona.com\/#\/schema\/logo\/image\/\",\"url\":\"https:\/\/barcilunaprivatetoursbarcelona.com\/wp-content\/uploads\/2023\/09\/WhatsApp-Image-2023-08-17-at-15.56.00-1.jpeg\",\"contentUrl\":\"https:\/\/barcilunaprivatetoursbarcelona.com\/wp-content\/uploads\/2023\/09\/WhatsApp-Image-2023-08-17-at-15.56.00-1.jpeg\",\"width\":1600,\"height\":1600,\"caption\":\"Barciluna Private Tours Barcelona\"},\"image\":{\"@id\":\"https:\/\/barcilunaprivatetoursbarcelona.com\/#\/schema\/logo\/image\/\"}}]}<\/script>\n<!-- \/ Yoast SEO plugin. -->","yoast_head_json":{"title":"BARCELONA TAILOR-MADE TOUR - Barciluna private tours barcelona","robots":{"index":"index","follow":"follow","max-snippet":"max-snippet:-1","max-image-preview":"max-image-preview:large","max-video-preview":"max-video-preview:-1"},"canonical":"https:\/\/barcilunaprivatetoursbarcelona.com\/es\/barcelona-tailor-made-tour\/","og_locale":"es_ES","og_type":"article","og_title":"BARCELONA TAILOR-MADE TOUR - Barciluna private tours barcelona","og_description":"BARCELONA TAILOR-MADE TOUR Previous slide Next slide BOOK NOW DESIGN YOU TOUR Do you prefer to plan your visit yourself? Let us know what places, monuments, and sites you want to visit in Barcelona, and we will tailor your tour to your needs and interests.\u00a0 Perhaps you want to combine different tours or to compose your own tour. We will help you and advise you to organise your Barcelona private tour and discover the city easily and enjoyably. We are a team with the best tour guides in Barcelona, all fully licensed and locals. We can offer you premium transportation: dependent on the number of travellers: a Mercedes van, minibus or bus driven by a professional chauffeur. We also organise corporate tours for companies or cultural visits for schools and universities.\u00a0 Let&#8217;s start to customise your tour and unique experience! \u00a0 ????????\u00a0Your best tailor-made tour of Barcelona starts.????????","og_url":"https:\/\/barcilunaprivatetoursbarcelona.com\/es\/barcelona-tailor-made-tour\/","og_site_name":"Barciluna private tours barcelona","article_modified_time":"2024-02-09T08:18:45+00:00","og_image":[{"width":1600,"height":1600,"url":"https:\/\/barcilunaprivatetoursbarcelona.com\/wp-content\/uploads\/2023\/09\/WhatsApp-Image-2023-08-17-at-15.56.00-1.jpeg","type":"image\/jpeg"}],"twitter_card":"summary_large_image","twitter_misc":{"Tiempo de lectura":"1 minuto"},"schema":{"@context":"https:\/\/schema.org","@graph":[{"@type":"WebPage","@id":"https:\/\/barcilunaprivatetoursbarcelona.com\/barcelona-tailor-made-tour\/","url":"https:\/\/barcilunaprivatetoursbarcelona.com\/barcelona-tailor-made-tour\/","name":"BARCELONA TAILOR-MADE TOUR - Barciluna private tours barcelona","isPartOf":{"@id":"https:\/\/barcilunaprivatetoursbarcelona.com\/#website"},"datePublished":"2023-12-27T02:48:37+00:00","dateModified":"2024-02-09T08:18:45+00:00","breadcrumb":{"@id":"https:\/\/barcilunaprivatetoursbarcelona.com\/barcelona-tailor-made-tour\/#breadcrumb"},"inLanguage":"es","potentialAction":[{"@type":"ReadAction","target":["https:\/\/barcilunaprivatetoursbarcelona.com\/barcelona-tailor-made-tour\/"]}]},{"@type":"BreadcrumbList","@id":"https:\/\/barcilunaprivatetoursbarcelona.com\/barcelona-tailor-made-tour\/#breadcrumb","itemListElement":[{"@type":"ListItem","position":1,"name":"Home","item":"https:\/\/barcilunaprivatetoursbarcelona.com\/"},{"@type":"ListItem","position":2,"name":"BARCELONA TAILOR-MADE TOUR"}]},{"@type":"WebSite","@id":"https:\/\/barcilunaprivatetoursbarcelona.com\/#website","url":"https:\/\/barcilunaprivatetoursbarcelona.com\/","name":"Barciluna Private Tours Barcelona","description":"Barciluna  private tours barcelona","publisher":{"@id":"https:\/\/barcilunaprivatetoursbarcelona.com\/#organization"},"alternateName":"Barciluna Private Tours Barcelona","potentialAction":[{"@type":"SearchAction","target":{"@type":"EntryPoint","urlTemplate":"https:\/\/barcilunaprivatetoursbarcelona.com\/?s={search_term_string}"},"query-input":{"@type":"PropertyValueSpecification","valueRequired":true,"valueName":"search_term_string"}}],"inLanguage":"es"},{"@type":"Organization","@id":"https:\/\/barcilunaprivatetoursbarcelona.com\/#organization","name":"Barciluna Private Tours Barcelona","url":"https:\/\/barcilunaprivatetoursbarcelona.com\/","logo":{"@type":"ImageObject","inLanguage":"es","@id":"https:\/\/barcilunaprivatetoursbarcelona.com\/#\/schema\/logo\/image\/","url":"https:\/\/barcilunaprivatetoursbarcelona.com\/wp-content\/uploads\/2023\/09\/WhatsApp-Image-2023-08-17-at-15.56.00-1.jpeg","contentUrl":"https:\/\/barcilunaprivatetoursbarcelona.com\/wp-content\/uploads\/2023\/09\/WhatsApp-Image-2023-08-17-at-15.56.00-1.jpeg","width":1600,"height":1600,"caption":"Barciluna Private Tours Barcelona"},"image":{"@id":"https:\/\/barcilunaprivatetoursbarcelona.com\/#\/schema\/logo\/image\/"}}]}},"_hostinger_reach_plugin_has_subscription_block":false,"_hostinger_reach_plugin_is_elementor":false,"_links":{"self":[{"href":"https:\/\/barcilunaprivatetoursbarcelona.com\/es\/wp-json\/wp\/v2\/pages\/2464","targetHints":{"allow":["GET"]}}],"collection":[{"href":"https:\/\/barcilunaprivatetoursbarcelona.com\/es\/wp-json\/wp\/v2\/pages"}],"about":[{"href":"https:\/\/barcilunaprivatetoursbarcelona.com\/es\/wp-json\/wp\/v2\/types\/page"}],"author":[{"embeddable":true,"href":"https:\/\/barcilunaprivatetoursbarcelona.com\/es\/wp-json\/wp\/v2\/users\/1"}],"replies":[{"embeddable":true,"href":"https:\/\/barcilunaprivatetoursbarcelona.com\/es\/wp-json\/wp\/v2\/comments?post=2464"}],"version-history":[{"count":0,"href":"https:\/\/barcilunaprivatetoursbarcelona.com\/es\/wp-json\/wp\/v2\/pages\/2464\/revisions"}],"wp:attachment":[{"href":"https:\/\/barcilunaprivatetoursbarcelona.com\/es\/wp-json\/wp\/v2\/media?parent=2464"}],"curies":[{"name":"wp","href":"https:\/\/api.w.org\/{rel}","templated":true}]}}