{"id":3226,"date":"2024-01-22T21:04:17","date_gmt":"2024-01-22T19:04:17","guid":{"rendered":"https:\/\/barcilunaprivatetoursbarcelona.com\/?page_id=3226"},"modified":"2024-02-09T10:05:04","modified_gmt":"2024-02-09T08:05:04","slug":"why-barciluna-2","status":"publish","type":"page","link":"https:\/\/barcilunaprivatetoursbarcelona.com\/es\/why-barciluna-2\/","title":{"rendered":"Por qu\u00e9 Barciluna"},"content":{"rendered":"<div data-elementor-type=\"wp-page\" data-elementor-id=\"3226\" class=\"elementor elementor-3226\" data-elementor-post-type=\"page\">\n\t\t\t\t<div class=\"elementor-element elementor-element-0949b51 e-flex e-con-boxed wpr-particle-no wpr-jarallax-no wpr-parallax-no wpr-sticky-section-no e-con e-parent\" data-id=\"0949b51\" data-element_type=\"container\">\n\t\t\t\t\t<div class=\"e-con-inner\">\n\t\t\t\t<div class=\"elementor-element elementor-element-65c004e elementor-widget elementor-widget-spacer\" data-id=\"65c004e\" data-element_type=\"widget\" data-widget_type=\"spacer.default\">\n\t\t\t\t<div class=\"elementor-widget-container\">\n\t\t\t\t\t\t\t<div class=\"elementor-spacer\">\n\t\t\t<div class=\"elementor-spacer-inner\"><\/div>\n\t\t<\/div>\n\t\t\t\t\t\t<\/div>\n\t\t\t\t<\/div>\n\t\t\t\t<div class=\"elementor-element elementor-element-d4a4932 elementor-widget elementor-widget-heading\" data-id=\"d4a4932\" data-element_type=\"widget\" data-widget_type=\"heading.default\">\n\t\t\t\t<div class=\"elementor-widget-container\">\n\t\t\t\t\t<h2 class=\"elementor-heading-title elementor-size-default\">\u00bfPOR QU\u00c9 BARCILUNA?<\/h2>\t\t\t\t<\/div>\n\t\t\t\t<\/div>\n\t\t\t\t<div class=\"elementor-element elementor-element-ad35a3e elementor-widget elementor-widget-html\" data-id=\"ad35a3e\" data-element_type=\"widget\" data-widget_type=\"html.default\">\n\t\t\t\t<div class=\"elementor-widget-container\">\n\t\t\t\t\t<style>\r\n    .boton-flotante {\r\n        position: fixed;\r\n        bottom: 80px;\r\n        left:45px;\r\n        background-color:#1CD173;\r\n        \r\n        color: #ffffff!important;\r\n        font-weight: 700;\r\n        padding: 10px 20px;\r\n        border-radius: 30px;\r\n        cursor: pointer;\r\n        z-index: 1000;\r\n    }\r\n    .boton-flotante:hover {\r\n        background-color: #ac0ab8;\r\n    \r\n<\/style>\r\n\r\n<a href=\"https:\/\/barcilunaprivatetoursbarcelona.com\/es\/contact\/\" class=\"boton-flotante\">BOOK NOW<\/a>\r\n\t\t\t\t<\/div>\n\t\t\t\t<\/div>\n\t\t\t\t\t<\/div>\n\t\t\t\t<\/div>\n\t\t<div class=\"elementor-element elementor-element-4c11f4f e-flex e-con-boxed wpr-particle-no wpr-jarallax-no wpr-parallax-no wpr-sticky-section-no e-con e-parent\" data-id=\"4c11f4f\" data-element_type=\"container\">\n\t\t\t\t\t<div class=\"e-con-inner\">\n\t\t\t\t<div class=\"elementor-element elementor-element-ce553b1 elementor-widget elementor-widget-text-editor\" data-id=\"ce553b1\" data-element_type=\"widget\" data-widget_type=\"text-editor.default\">\n\t\t\t\t<div class=\"elementor-widget-container\">\n\t\t\t\t\t\t\t\t\t<p style=\"text-align: center;\"><strong>\u00a0<\/strong>Barcelona has had different names throughout the history. From \u201cBarcino\u201d in Roman times, to \u201cBarcinona\u201d in the Middle Ages to \u201cBarcelona\u201d. Nowadays, we locals affectionately refer to it as \u201cBarna\u201d \ud83d\ude42<\/p><p style=\"text-align: center;\"><strong>El nombre de \u201cBarciluna\u201d se inspir\u00f3 en uno de los nombres de Barcelona; \u201cMadinat Barshiluna\u201d <\/strong>en el siglo VIII. <strong>Barciluna est\u00e1 formado por dos palabras BARCI y LUNA que significa \u201cluna\u201d en espa\u00f1ol<\/strong>. Y como la luna <strong>Barcelona es una ciudad que invita a so\u00f1ar<\/strong>. Cada distrito de Barcelona es diferente, cada uno tiene sus propios secretos, rincones escondidos y personalidad.<\/p><p style=\"text-align: center;\">Mi equipo y yo queremos mostrarte lo mejor de Barcelona y enamorarte de la ciudad.<\/p><p style=\"text-align: center;\"><strong>Olv\u00eddate del estr\u00e9s de organizar los tours y ahorra tiempo.<\/strong>.<strong> Nosotros nos encargaremos de todos los detalles. <\/strong>teniendo especial cuidado para que puedas aprovechar al m\u00e1ximo tu visita.<strong>\u00a0 <\/strong>Adem\u00e1s, <strong>Podemos comprar entradas sin colas en los monumentos<\/strong>. Nuestros tours privados personalizados le brindan total libertad y flexibilidad. <strong>Podr\u00e1s explorar la ciudad a tu propio ritmo con tu grupo de amigos y familiares teniendo tiempo para tomar fotograf\u00edas<\/strong>, en lugar de seguir el consenso del grupo. Personalizamos tu experiencia de viaje seg\u00fan lo que quieras ver y hacer lo que es importante para ti.<\/p><p style=\"text-align: center;\"><strong>Nuestros gu\u00edas tur\u00edsticos locales expertos con licencia son conocedores, amigables, apasionados y excelentes narradores.<\/strong> Te recomendaremos sitios, restaurantes y diferentes actividades seg\u00fan tus intereses.<\/p><p style=\"text-align: center;\">Con nuestros tours privados, explorar\u00e1s Barcelona como un local. El objetivo de nuestros gu\u00edas tur\u00edsticos privados es conectar con nuestros clientes y ofrecer recorridos memorables.<\/p><p style=\"text-align: center;\"><strong>Descubre Barcelona con \u201cBarciluna\u201d y te enamorar\u00e1s de la ciudad.<\/strong><\/p>\t\t\t\t\t\t\t\t<\/div>\n\t\t\t\t<\/div>\n\t\t\t\t\t<\/div>\n\t\t\t\t<\/div>\n\t\t<div class=\"elementor-element elementor-element-0f87245 e-flex e-con-boxed wpr-particle-no wpr-jarallax-no wpr-parallax-no wpr-sticky-section-no e-con e-parent\" data-id=\"0f87245\" data-element_type=\"container\">\n\t\t\t\t\t<div class=\"e-con-inner\">\n\t\t\t\t<div class=\"elementor-element elementor-element-7edd82a elementor-widget elementor-widget-spacer\" data-id=\"7edd82a\" data-element_type=\"widget\" data-widget_type=\"spacer.default\">\n\t\t\t\t<div class=\"elementor-widget-container\">\n\t\t\t\t\t\t\t<div class=\"elementor-spacer\">\n\t\t\t<div class=\"elementor-spacer-inner\"><\/div>\n\t\t<\/div>\n\t\t\t\t\t\t<\/div>\n\t\t\t\t<\/div>\n\t\t\t\t\t<\/div>\n\t\t\t\t<\/div>\n\t\t\t\t<\/div>","protected":false},"excerpt":{"rendered":"<p>WHY BARCILUNA? BOOK NOW \u00a0Barcelona has had different names throughout the history. From \u201cBarcino\u201d in Roman times, to \u201cBarcinona\u201d in the Middle Ages to \u201cBarcelona\u201d. Nowadays, we locals affectionately refer to it as \u201cBarna\u201d \ud83d\ude42 The name of &#8220;Barciluna&#8221; was inspired by one of the names of Barcelona; \u201cMadinat Barshiluna&#8221; in the 8th century. Barciluna is made of two words BARCI and LUNA which means \u201cmoon\u201d in Spanish. And like the moon Barcelona is a city that invites you to dream. Every district of Barcelona is different, each has its own secrets, hidden corners and personality. Me and my team want to show you the best of Barcelona and make you fall in love with the city. Forget the stress of organizing the tours and save time. We will be in charge of all the details taking special care so you can make the most of your visit.\u00a0 Moreover, we can purchase skip-the-line tickets at the monuments. Our personalized private tours give you total freedom and flexibility. You can explore the city at your own pace with your group of friends and family having time to take pictures, instead of following the group consensus. We personalize your travel experience according to what you want to see and do what\u2019s important to you. Our Local expert licensed tour guides are knowledgeable, friendly, passionate, and great storytellers. We will recommend sites, restaurants, and different activities according to your interests. With our private tours, you will explore Barcelona like a local. The goal of our private tour guides is to connect with our clients and to offer memorable tours. Discover Barcelona with &#8220;Barciluna&#8221; and you will fall in love with the city.<\/p>","protected":false},"author":1,"featured_media":0,"parent":0,"menu_order":10,"comment_status":"closed","ping_status":"closed","template":"elementor_header_footer","meta":{"footnotes":""},"class_list":["post-3226","page","type-page","status-publish","hentry"],"yoast_head":"<!-- This site is optimized with the Yoast SEO plugin v23.6 - https:\/\/yoast.com\/wordpress\/plugins\/seo\/ -->\n<title>Why Barciluna - Barciluna private tours barcelona<\/title>\n<meta name=\"robots\" content=\"index, follow, max-snippet:-1, max-image-preview:large, max-video-preview:-1\" \/>\n<link rel=\"canonical\" href=\"https:\/\/barcilunaprivatetoursbarcelona.com\/es\/why-barciluna-2\/\" \/>\n<meta property=\"og:locale\" content=\"es_ES\" \/>\n<meta property=\"og:type\" content=\"article\" \/>\n<meta property=\"og:title\" content=\"Why Barciluna - Barciluna private tours barcelona\" \/>\n<meta property=\"og:description\" content=\"WHY BARCILUNA? BOOK NOW \u00a0Barcelona has had different names throughout the history. From \u201cBarcino\u201d in Roman times, to \u201cBarcinona\u201d in the Middle Ages to \u201cBarcelona\u201d. Nowadays, we locals affectionately refer to it as \u201cBarna\u201d \ud83d\ude42 The name of &#8220;Barciluna&#8221; was inspired by one of the names of Barcelona; \u201cMadinat Barshiluna&#8221; in the 8th century. Barciluna is made of two words BARCI and LUNA which means \u201cmoon\u201d in Spanish. And like the moon Barcelona is a city that invites you to dream. Every district of Barcelona is different, each has its own secrets, hidden corners and personality. Me and my team want to show you the best of Barcelona and make you fall in love with the city. Forget the stress of organizing the tours and save time. We will be in charge of all the details taking special care so you can make the most of your visit.\u00a0 Moreover, we can purchase skip-the-line tickets at the monuments. Our personalized private tours give you total freedom and flexibility. You can explore the city at your own pace with your group of friends and family having time to take pictures, instead of following the group consensus. We personalize your travel experience according to what you want to see and do what\u2019s important to you. Our Local expert licensed tour guides are knowledgeable, friendly, passionate, and great storytellers. We will recommend sites, restaurants, and different activities according to your interests. With our private tours, you will explore Barcelona like a local. The goal of our private tour guides is to connect with our clients and to offer memorable tours. Discover Barcelona with &#8220;Barciluna&#8221; and you will fall in love with the city.\" \/>\n<meta property=\"og:url\" content=\"https:\/\/barcilunaprivatetoursbarcelona.com\/es\/why-barciluna-2\/\" \/>\n<meta property=\"og:site_name\" content=\"Barciluna private tours barcelona\" \/>\n<meta property=\"article:modified_time\" content=\"2024-02-09T08:05:04+00:00\" \/>\n<meta property=\"og:image\" content=\"https:\/\/barcilunaprivatetoursbarcelona.com\/wp-content\/uploads\/2023\/09\/WhatsApp-Image-2023-08-17-at-15.56.00-1.jpeg\" \/>\n\t<meta property=\"og:image:width\" content=\"1600\" \/>\n\t<meta property=\"og:image:height\" content=\"1600\" \/>\n\t<meta property=\"og:image:type\" content=\"image\/jpeg\" \/>\n<meta name=\"twitter:card\" content=\"summary_large_image\" \/>\n<meta name=\"twitter:label1\" content=\"Tiempo de lectura\" \/>\n\t<meta name=\"twitter:data1\" content=\"2 minutos\" \/>\n<script type=\"application\/ld+json\" class=\"yoast-schema-graph\">{\"@context\":\"https:\/\/schema.org\",\"@graph\":[{\"@type\":\"WebPage\",\"@id\":\"https:\/\/barcilunaprivatetoursbarcelona.com\/why-barciluna-2\/\",\"url\":\"https:\/\/barcilunaprivatetoursbarcelona.com\/why-barciluna-2\/\",\"name\":\"Why Barciluna - Barciluna private tours barcelona\",\"isPartOf\":{\"@id\":\"https:\/\/barcilunaprivatetoursbarcelona.com\/#website\"},\"datePublished\":\"2024-01-22T19:04:17+00:00\",\"dateModified\":\"2024-02-09T08:05:04+00:00\",\"breadcrumb\":{\"@id\":\"https:\/\/barcilunaprivatetoursbarcelona.com\/why-barciluna-2\/#breadcrumb\"},\"inLanguage\":\"es\",\"potentialAction\":[{\"@type\":\"ReadAction\",\"target\":[\"https:\/\/barcilunaprivatetoursbarcelona.com\/why-barciluna-2\/\"]}]},{\"@type\":\"BreadcrumbList\",\"@id\":\"https:\/\/barcilunaprivatetoursbarcelona.com\/why-barciluna-2\/#breadcrumb\",\"itemListElement\":[{\"@type\":\"ListItem\",\"position\":1,\"name\":\"Home\",\"item\":\"https:\/\/barcilunaprivatetoursbarcelona.com\/\"},{\"@type\":\"ListItem\",\"position\":2,\"name\":\"Why Barciluna\"}]},{\"@type\":\"WebSite\",\"@id\":\"https:\/\/barcilunaprivatetoursbarcelona.com\/#website\",\"url\":\"https:\/\/barcilunaprivatetoursbarcelona.com\/\",\"name\":\"Barciluna Private Tours Barcelona\",\"description\":\"Barciluna  private tours barcelona\",\"publisher\":{\"@id\":\"https:\/\/barcilunaprivatetoursbarcelona.com\/#organization\"},\"alternateName\":\"Barciluna Private Tours Barcelona\",\"potentialAction\":[{\"@type\":\"SearchAction\",\"target\":{\"@type\":\"EntryPoint\",\"urlTemplate\":\"https:\/\/barcilunaprivatetoursbarcelona.com\/?s={search_term_string}\"},\"query-input\":{\"@type\":\"PropertyValueSpecification\",\"valueRequired\":true,\"valueName\":\"search_term_string\"}}],\"inLanguage\":\"es\"},{\"@type\":\"Organization\",\"@id\":\"https:\/\/barcilunaprivatetoursbarcelona.com\/#organization\",\"name\":\"Barciluna Private Tours Barcelona\",\"url\":\"https:\/\/barcilunaprivatetoursbarcelona.com\/\",\"logo\":{\"@type\":\"ImageObject\",\"inLanguage\":\"es\",\"@id\":\"https:\/\/barcilunaprivatetoursbarcelona.com\/#\/schema\/logo\/image\/\",\"url\":\"https:\/\/barcilunaprivatetoursbarcelona.com\/wp-content\/uploads\/2023\/09\/WhatsApp-Image-2023-08-17-at-15.56.00-1.jpeg\",\"contentUrl\":\"https:\/\/barcilunaprivatetoursbarcelona.com\/wp-content\/uploads\/2023\/09\/WhatsApp-Image-2023-08-17-at-15.56.00-1.jpeg\",\"width\":1600,\"height\":1600,\"caption\":\"Barciluna Private Tours Barcelona\"},\"image\":{\"@id\":\"https:\/\/barcilunaprivatetoursbarcelona.com\/#\/schema\/logo\/image\/\"}}]}<\/script>\n<!-- \/ Yoast SEO plugin. -->","yoast_head_json":{"title":"Why Barciluna - Barciluna private tours barcelona","robots":{"index":"index","follow":"follow","max-snippet":"max-snippet:-1","max-image-preview":"max-image-preview:large","max-video-preview":"max-video-preview:-1"},"canonical":"https:\/\/barcilunaprivatetoursbarcelona.com\/es\/why-barciluna-2\/","og_locale":"es_ES","og_type":"article","og_title":"Why Barciluna - Barciluna private tours barcelona","og_description":"WHY BARCILUNA? BOOK NOW \u00a0Barcelona has had different names throughout the history. From \u201cBarcino\u201d in Roman times, to \u201cBarcinona\u201d in the Middle Ages to \u201cBarcelona\u201d. Nowadays, we locals affectionately refer to it as \u201cBarna\u201d \ud83d\ude42 The name of &#8220;Barciluna&#8221; was inspired by one of the names of Barcelona; \u201cMadinat Barshiluna&#8221; in the 8th century. Barciluna is made of two words BARCI and LUNA which means \u201cmoon\u201d in Spanish. And like the moon Barcelona is a city that invites you to dream. Every district of Barcelona is different, each has its own secrets, hidden corners and personality. Me and my team want to show you the best of Barcelona and make you fall in love with the city. Forget the stress of organizing the tours and save time. We will be in charge of all the details taking special care so you can make the most of your visit.\u00a0 Moreover, we can purchase skip-the-line tickets at the monuments. Our personalized private tours give you total freedom and flexibility. You can explore the city at your own pace with your group of friends and family having time to take pictures, instead of following the group consensus. We personalize your travel experience according to what you want to see and do what\u2019s important to you. Our Local expert licensed tour guides are knowledgeable, friendly, passionate, and great storytellers. We will recommend sites, restaurants, and different activities according to your interests. With our private tours, you will explore Barcelona like a local. The goal of our private tour guides is to connect with our clients and to offer memorable tours. Discover Barcelona with &#8220;Barciluna&#8221; and you will fall in love with the city.","og_url":"https:\/\/barcilunaprivatetoursbarcelona.com\/es\/why-barciluna-2\/","og_site_name":"Barciluna private tours barcelona","article_modified_time":"2024-02-09T08:05:04+00:00","og_image":[{"width":1600,"height":1600,"url":"https:\/\/barcilunaprivatetoursbarcelona.com\/wp-content\/uploads\/2023\/09\/WhatsApp-Image-2023-08-17-at-15.56.00-1.jpeg","type":"image\/jpeg"}],"twitter_card":"summary_large_image","twitter_misc":{"Tiempo de lectura":"2 minutos"},"schema":{"@context":"https:\/\/schema.org","@graph":[{"@type":"WebPage","@id":"https:\/\/barcilunaprivatetoursbarcelona.com\/why-barciluna-2\/","url":"https:\/\/barcilunaprivatetoursbarcelona.com\/why-barciluna-2\/","name":"Why Barciluna - Barciluna private tours barcelona","isPartOf":{"@id":"https:\/\/barcilunaprivatetoursbarcelona.com\/#website"},"datePublished":"2024-01-22T19:04:17+00:00","dateModified":"2024-02-09T08:05:04+00:00","breadcrumb":{"@id":"https:\/\/barcilunaprivatetoursbarcelona.com\/why-barciluna-2\/#breadcrumb"},"inLanguage":"es","potentialAction":[{"@type":"ReadAction","target":["https:\/\/barcilunaprivatetoursbarcelona.com\/why-barciluna-2\/"]}]},{"@type":"BreadcrumbList","@id":"https:\/\/barcilunaprivatetoursbarcelona.com\/why-barciluna-2\/#breadcrumb","itemListElement":[{"@type":"ListItem","position":1,"name":"Home","item":"https:\/\/barcilunaprivatetoursbarcelona.com\/"},{"@type":"ListItem","position":2,"name":"Why Barciluna"}]},{"@type":"WebSite","@id":"https:\/\/barcilunaprivatetoursbarcelona.com\/#website","url":"https:\/\/barcilunaprivatetoursbarcelona.com\/","name":"Barciluna Private Tours Barcelona","description":"Barciluna  private tours barcelona","publisher":{"@id":"https:\/\/barcilunaprivatetoursbarcelona.com\/#organization"},"alternateName":"Barciluna Private Tours Barcelona","potentialAction":[{"@type":"SearchAction","target":{"@type":"EntryPoint","urlTemplate":"https:\/\/barcilunaprivatetoursbarcelona.com\/?s={search_term_string}"},"query-input":{"@type":"PropertyValueSpecification","valueRequired":true,"valueName":"search_term_string"}}],"inLanguage":"es"},{"@type":"Organization","@id":"https:\/\/barcilunaprivatetoursbarcelona.com\/#organization","name":"Barciluna Private Tours Barcelona","url":"https:\/\/barcilunaprivatetoursbarcelona.com\/","logo":{"@type":"ImageObject","inLanguage":"es","@id":"https:\/\/barcilunaprivatetoursbarcelona.com\/#\/schema\/logo\/image\/","url":"https:\/\/barcilunaprivatetoursbarcelona.com\/wp-content\/uploads\/2023\/09\/WhatsApp-Image-2023-08-17-at-15.56.00-1.jpeg","contentUrl":"https:\/\/barcilunaprivatetoursbarcelona.com\/wp-content\/uploads\/2023\/09\/WhatsApp-Image-2023-08-17-at-15.56.00-1.jpeg","width":1600,"height":1600,"caption":"Barciluna Private Tours Barcelona"},"image":{"@id":"https:\/\/barcilunaprivatetoursbarcelona.com\/#\/schema\/logo\/image\/"}}]}},"_hostinger_reach_plugin_has_subscription_block":false,"_hostinger_reach_plugin_is_elementor":false,"_links":{"self":[{"href":"https:\/\/barcilunaprivatetoursbarcelona.com\/es\/wp-json\/wp\/v2\/pages\/3226","targetHints":{"allow":["GET"]}}],"collection":[{"href":"https:\/\/barcilunaprivatetoursbarcelona.com\/es\/wp-json\/wp\/v2\/pages"}],"about":[{"href":"https:\/\/barcilunaprivatetoursbarcelona.com\/es\/wp-json\/wp\/v2\/types\/page"}],"author":[{"embeddable":true,"href":"https:\/\/barcilunaprivatetoursbarcelona.com\/es\/wp-json\/wp\/v2\/users\/1"}],"replies":[{"embeddable":true,"href":"https:\/\/barcilunaprivatetoursbarcelona.com\/es\/wp-json\/wp\/v2\/comments?post=3226"}],"version-history":[{"count":0,"href":"https:\/\/barcilunaprivatetoursbarcelona.com\/es\/wp-json\/wp\/v2\/pages\/3226\/revisions"}],"wp:attachment":[{"href":"https:\/\/barcilunaprivatetoursbarcelona.com\/es\/wp-json\/wp\/v2\/media?parent=3226"}],"curies":[{"name":"wp","href":"https:\/\/api.w.org\/{rel}","templated":true}]}}