{"id":396,"date":"2023-08-31T14:09:24","date_gmt":"2023-08-31T12:09:24","guid":{"rendered":"https:\/\/barcilunaprivatetoursbarcelona.com\/?page_id=396"},"modified":"2024-02-09T10:03:15","modified_gmt":"2024-02-09T08:03:15","slug":"about-me","status":"publish","type":"page","link":"https:\/\/barcilunaprivatetoursbarcelona.com\/es\/about-me\/","title":{"rendered":"Acerca de m\u00ed"},"content":{"rendered":"<div data-elementor-type=\"wp-page\" data-elementor-id=\"396\" class=\"elementor elementor-396\" data-elementor-post-type=\"page\">\n\t\t\t\t<div class=\"elementor-element elementor-element-11d9714 e-flex e-con-boxed wpr-particle-no wpr-jarallax-no wpr-parallax-no wpr-sticky-section-no e-con e-parent\" data-id=\"11d9714\" data-element_type=\"container\">\n\t\t\t\t\t<div class=\"e-con-inner\">\n\t\t\t\t<div class=\"elementor-element elementor-element-c02dc2d elementor-widget elementor-widget-spacer\" data-id=\"c02dc2d\" data-element_type=\"widget\" data-widget_type=\"spacer.default\">\n\t\t\t\t<div class=\"elementor-widget-container\">\n\t\t\t\t\t\t\t<div class=\"elementor-spacer\">\n\t\t\t<div class=\"elementor-spacer-inner\"><\/div>\n\t\t<\/div>\n\t\t\t\t\t\t<\/div>\n\t\t\t\t<\/div>\n\t\t\t\t<div class=\"elementor-element elementor-element-a7f08c4 elementor-widget elementor-widget-spacer\" data-id=\"a7f08c4\" data-element_type=\"widget\" data-widget_type=\"spacer.default\">\n\t\t\t\t<div class=\"elementor-widget-container\">\n\t\t\t\t\t\t\t<div class=\"elementor-spacer\">\n\t\t\t<div class=\"elementor-spacer-inner\"><\/div>\n\t\t<\/div>\n\t\t\t\t\t\t<\/div>\n\t\t\t\t<\/div>\n\t\t\t\t\t<\/div>\n\t\t\t\t<\/div>\n\t\t<div class=\"elementor-element elementor-element-59d9f68 e-flex e-con-boxed wpr-particle-no wpr-jarallax-no wpr-parallax-no wpr-sticky-section-no e-con e-parent\" data-id=\"59d9f68\" data-element_type=\"container\">\n\t\t\t\t\t<div class=\"e-con-inner\">\n\t\t<div class=\"elementor-element elementor-element-d3cc1b3 e-con-full e-flex wpr-particle-no wpr-jarallax-no wpr-parallax-no wpr-sticky-section-no e-con e-child\" data-id=\"d3cc1b3\" data-element_type=\"container\">\n\t\t\t\t<div class=\"elementor-element elementor-element-3d16444 elementor-widget__width-initial elementor-widget elementor-widget-heading\" data-id=\"3d16444\" data-element_type=\"widget\" data-widget_type=\"heading.default\">\n\t\t\t\t<div class=\"elementor-widget-container\">\n\t\t\t\t\t<h3 class=\"elementor-heading-title elementor-size-default\">C\u00f3mo empez\u00f3 todo<\/h3>\t\t\t\t<\/div>\n\t\t\t\t<\/div>\n\t\t\t\t<div class=\"elementor-element elementor-element-547cb18 elementor-widget__width-initial elementor-widget elementor-widget-text-editor\" data-id=\"547cb18\" data-element_type=\"widget\" data-widget_type=\"text-editor.default\">\n\t\t\t\t<div class=\"elementor-widget-container\">\n\t\t\t\t\t\t\t\t\t<p><span style=\"font-weight: 400;\">\u00a1Hola! <\/span><b>Mi nombre es olga<\/b><span style=\"font-weight: 400;\">. Desde hace m\u00e1s de diez a\u00f1os trabajo como <\/span><b>un gu\u00eda tur\u00edstico autorizado aqu\u00ed en Barcelona,<\/b><span style=\"font-weight: 400;\"> la ciudad donde nac\u00ed, crec\u00ed y que amo tanto.<\/span><\/p><p><span style=\"font-weight: 400;\">Desde peque\u00f1o siempre me ha gustado contar historias. Mi curiosidad por aprender sobre historia y arte me llev\u00f3 a estudiar <\/span><b>dos titulaciones en dos pa\u00edses diferentes (Francia y Espa\u00f1a) <\/b><span style=\"font-weight: 400;\">y <\/span><b>vivir en otras ciudades como Londres y Nueva York<\/b><span style=\"font-weight: 400;\">. Al final decid\u00ed que para m\u00ed Barcelona es la mejor ciudad para vivir. Gracias a mis t\u00edtulos,<\/span><b> Tengo una s\u00f3lida formaci\u00f3n acad\u00e9mica en historia del arte y literatura.<\/b><span style=\"font-weight: 400;\">.<\/span><\/p><p><span style=\"font-weight: 400;\">Me apasiona Barcelona, \u200b\u200by <\/span><b>He trabajado como locutor de radio.<\/b><span style=\"font-weight: 400;\"> para un programa cultural sobre la ciudad durante siete a\u00f1os.<\/span><b> Tambi\u00e9n he estudiado teatro y arte dram\u00e1tico.<\/b><span style=\"font-weight: 400;\"> durante tres a\u00f1os, trabajando como profesora de danza y teatro durante 6 a\u00f1os. Adem\u00e1s, soy un galardonado <\/span><b>orador p\u00fablico<\/b><span style=\"font-weight: 400;\"> y he creado nuevos productos tur\u00edsticos como visitas guiadas teatralizadas.<\/span><\/p><p><b>Ofrezco rutas para descubrir el Patrimonio Cultural de Barcelona con pasi\u00f3n y conocimiento de la ciudad<\/b><span style=\"font-weight: 400;\">. Para m\u00ed, la historia es vida en el pasado y la vida son emociones. Eso es lo que quiero comunicar en mis giras. Divertirse es la mejor manera de aprender, y mi objetivo es que la gente se enamore de Barcelona. <\/span><span style=\"font-weight: 400;\">\ud83d\ude42<\/span><\/p><p><span style=\"font-weight: 400;\">En mis giras,<\/span><b> Utilizo t\u00e9cnicas de storytelling para crear experiencias inolvidables.<\/b><span style=\"font-weight: 400;\"> y dar vida a la historia. Tambi\u00e9n utilizo mis conocimientos como periodista, actriz y oradora p\u00fablica para estructurar mis giras de manera atractiva. Adapto mis visitas a diferentes p\u00fablicos, necesidades e intereses.<\/span><\/p><p><span style=\"font-weight: 400;\">Mis clientes dicen que soy conocedor y amigable y que mi entusiasmo por Barcelona y su historia es contagioso. Mis idiomas son ingl\u00e9s, franc\u00e9s, italiano, espa\u00f1ol y catal\u00e1n.<\/span><\/p><p><b>Tambi\u00e9n trabajo con un equipo de los mejores gu\u00edas tur\u00edsticos autorizados de Barcelona.<\/b><span style=\"font-weight: 400;\">. Son gu\u00edas tur\u00edsticos locales en los que conf\u00edo y <\/span><b>quienes le brindar\u00e1n experiencias memorables.<\/b><span style=\"font-weight: 400;\"> Nos encantar\u00eda darle la bienvenida a Barcelona muy pronto.<\/span><\/p><p><b>\u00a1\u00a1\u00a1Ven a descubrir Barcelona de una manera \u00fanica conmigo y mi equipo!!!<\/b><\/p><p><br \/><br \/><br \/><\/p>\t\t\t\t\t\t\t\t<\/div>\n\t\t\t\t<\/div>\n\t\t\t\t<\/div>\n\t\t<div class=\"elementor-element elementor-element-12f622a e-con-full e-flex wpr-particle-no wpr-jarallax-no wpr-parallax-no wpr-sticky-section-no e-con e-child\" data-id=\"12f622a\" data-element_type=\"container\" data-settings=\"{&quot;background_background&quot;:&quot;gradient&quot;}\">\n\t\t<div class=\"elementor-element elementor-element-ac5fc80 e-con-full e-flex wpr-particle-no wpr-jarallax-no wpr-parallax-no wpr-sticky-section-no e-con e-child\" data-id=\"ac5fc80\" data-element_type=\"container\">\n\t\t<div class=\"elementor-element elementor-element-e05a36d e-con-full e-flex wpr-particle-no wpr-jarallax-no wpr-parallax-no wpr-sticky-section-no e-con e-child\" data-id=\"e05a36d\" data-element_type=\"container\" data-settings=\"{&quot;background_background&quot;:&quot;gradient&quot;}\">\n\t\t\t\t<div class=\"elementor-element elementor-element-bc8eeef elementor-widget elementor-widget-image\" data-id=\"bc8eeef\" data-element_type=\"widget\" data-widget_type=\"image.default\">\n\t\t\t\t<div class=\"elementor-widget-container\">\n\t\t\t\t\t\t\t\t\t\t\t\t\t\t\t<img fetchpriority=\"high\" decoding=\"async\" width=\"460\" height=\"560\" src=\"https:\/\/barcilunaprivatetoursbarcelona.com\/wp-content\/uploads\/2023\/09\/C360_2020-06-15-13-17-23-352.webp\" class=\"attachment-full size-full wp-image-1463\" alt=\"\" srcset=\"https:\/\/barcilunaprivatetoursbarcelona.com\/wp-content\/uploads\/2023\/09\/C360_2020-06-15-13-17-23-352.webp 460w, https:\/\/barcilunaprivatetoursbarcelona.com\/wp-content\/uploads\/2023\/09\/C360_2020-06-15-13-17-23-352-10x12.webp 10w, https:\/\/barcilunaprivatetoursbarcelona.com\/wp-content\/uploads\/2023\/09\/C360_2020-06-15-13-17-23-352-246x300.webp 246w\" sizes=\"(max-width: 460px) 100vw, 460px\" \/>\t\t\t\t\t\t\t\t\t\t\t\t\t\t\t<\/div>\n\t\t\t\t<\/div>\n\t\t\t\t<\/div>\n\t\t\t\t<\/div>\n\t\t\t\t<\/div>\n\t\t\t\t<div class=\"elementor-element elementor-element-45824d5 elementor-widget elementor-widget-html\" data-id=\"45824d5\" data-element_type=\"widget\" data-widget_type=\"html.default\">\n\t\t\t\t<div class=\"elementor-widget-container\">\n\t\t\t\t\t<style>\r\n    .boton-flotante {\r\n        position: fixed;\r\n        bottom: 80px;\r\n        left:45px;\r\n        background-color:#1CD173;\r\n        \r\n        color: #ffffff!important;\r\n        font-weight: 700;\r\n        padding: 10px 20px;\r\n        border-radius: 30px;\r\n        cursor: pointer;\r\n        z-index: 1000;\r\n    }\r\n    .boton-flotante:hover {\r\n        background-color: #ac0ab8;\r\n    \r\n<\/style>\r\n\r\n<a href=\"https:\/\/barcilunaprivatetoursbarcelona.com\/es\/contact\/\" class=\"boton-flotante\">BOOK NOW<\/a>\r\n\t\t\t\t<\/div>\n\t\t\t\t<\/div>\n\t\t\t\t\t<\/div>\n\t\t\t\t<\/div>\n\t\t<div class=\"elementor-element elementor-element-eccfcfc e-flex e-con-boxed wpr-particle-no wpr-jarallax-no wpr-parallax-no wpr-sticky-section-no e-con e-parent\" data-id=\"eccfcfc\" data-element_type=\"container\">\n\t\t\t\t\t<div class=\"e-con-inner\">\n\t\t\t\t<div class=\"elementor-element elementor-element-f54dad7 elementor-widget elementor-widget-heading\" data-id=\"f54dad7\" data-element_type=\"widget\" data-widget_type=\"heading.default\">\n\t\t\t\t<div class=\"elementor-widget-container\">\n\t\t\t\t\t<h5 class=\"elementor-heading-title elementor-size-default\">\u00a1\u00a1\u00a1Ven a descubrir Barcelona de una manera \u00fanica conmigo y mi equipo!!!\n<\/h5>\t\t\t\t<\/div>\n\t\t\t\t<\/div>\n\t\t\t\t\t<\/div>\n\t\t\t\t<\/div>\n\t\t<div class=\"elementor-element elementor-element-0b8f7ef e-flex e-con-boxed wpr-particle-no wpr-jarallax-no wpr-parallax-no wpr-sticky-section-no e-con e-parent\" data-id=\"0b8f7ef\" data-element_type=\"container\">\n\t\t\t\t\t<div class=\"e-con-inner\">\n\t\t\t\t<div class=\"elementor-element elementor-element-58f0381 elementor-widget elementor-widget-spacer\" data-id=\"58f0381\" data-element_type=\"widget\" data-widget_type=\"spacer.default\">\n\t\t\t\t<div class=\"elementor-widget-container\">\n\t\t\t\t\t\t\t<div class=\"elementor-spacer\">\n\t\t\t<div class=\"elementor-spacer-inner\"><\/div>\n\t\t<\/div>\n\t\t\t\t\t\t<\/div>\n\t\t\t\t<\/div>\n\t\t\t\t\t<\/div>\n\t\t\t\t<\/div>\n\t\t\t\t<\/div>","protected":false},"excerpt":{"rendered":"<p>How it all started Hi! My name is Olga. For more than ten years I have been working as a licensed tour guide here in Barcelona, the city where I was born, and raised, and that I love so much. Ever since I was a kid, I have always liked to tell stories. My curiosity for learning about history and art led me to study two degrees in two different countries (France and Spain) and live in other cities such as London and New York. In the end, I decided that for me, Barcelona is the best city to live in. Thanks to my degrees, I have a strong educational background in art history and literature. I am passionate about Barcelona, and I have worked as a radio host for a cultural program about the city for seven years. I have also studied theatre and dramatic art for three years, working as a dance and drama teacher for 6 years. Moreover, I am an award-winning public speaker and I have created new touristic products such as dramatized guided tours. I offer routes to discover Barcelona&#8217;s Cultural Heritage with passion and knowledge of the city. To me, history is life in the past and life is emotions. That is what I want to communicate in my tours. Having fun is the best way to learn, and my goal is that people fall in love with Barcelona \ud83d\ude42 On my tours, I use storytelling techniques to create unforgettable experiences and to bring history to life. I also use my knowledge as a journalist, actress and public speaker to structure my tours engagingly. I tailor my visits to different audiences, needs and interests. My clients say that I am knowledgeable and friendly and that my enthusiasm for Barcelona and its history is infectious. My languages are English, French, Italian, Spanish and Catalan. I also work with a team of the best-licensed tour guides in Barcelona. They are local tour guides I trust and who will provide you with memorable experiences. We would love to welcome you to Barcelona very soon. Come and discover Barcelona in a very unique way with me and my team!!! BOOK NOW Come and discover Barcelona in a very unique way with me and my team!!!<\/p>","protected":false},"author":1,"featured_media":0,"parent":0,"menu_order":19,"comment_status":"closed","ping_status":"closed","template":"elementor_header_footer","meta":{"footnotes":""},"class_list":["post-396","page","type-page","status-publish","hentry"],"yoast_head":"<!-- This site is optimized with the Yoast SEO plugin v23.6 - https:\/\/yoast.com\/wordpress\/plugins\/seo\/ -->\n<title>About me - Barciluna private tours barcelona<\/title>\n<meta name=\"robots\" content=\"index, follow, max-snippet:-1, max-image-preview:large, max-video-preview:-1\" \/>\n<link rel=\"canonical\" href=\"https:\/\/barcilunaprivatetoursbarcelona.com\/es\/about-me\/\" \/>\n<meta property=\"og:locale\" content=\"es_ES\" \/>\n<meta property=\"og:type\" content=\"article\" \/>\n<meta property=\"og:title\" content=\"About me - Barciluna private tours barcelona\" \/>\n<meta property=\"og:description\" content=\"How it all started Hi! My name is Olga. For more than ten years I have been working as a licensed tour guide here in Barcelona, the city where I was born, and raised, and that I love so much. Ever since I was a kid, I have always liked to tell stories. My curiosity for learning about history and art led me to study two degrees in two different countries (France and Spain) and live in other cities such as London and New York. In the end, I decided that for me, Barcelona is the best city to live in. Thanks to my degrees, I have a strong educational background in art history and literature. I am passionate about Barcelona, and I have worked as a radio host for a cultural program about the city for seven years. I have also studied theatre and dramatic art for three years, working as a dance and drama teacher for 6 years. Moreover, I am an award-winning public speaker and I have created new touristic products such as dramatized guided tours. I offer routes to discover Barcelona&#8217;s Cultural Heritage with passion and knowledge of the city. To me, history is life in the past and life is emotions. That is what I want to communicate in my tours. Having fun is the best way to learn, and my goal is that people fall in love with Barcelona \ud83d\ude42 On my tours, I use storytelling techniques to create unforgettable experiences and to bring history to life. I also use my knowledge as a journalist, actress and public speaker to structure my tours engagingly. I tailor my visits to different audiences, needs and interests. My clients say that I am knowledgeable and friendly and that my enthusiasm for Barcelona and its history is infectious. My languages are English, French, Italian, Spanish and Catalan. I also work with a team of the best-licensed tour guides in Barcelona. They are local tour guides I trust and who will provide you with memorable experiences. We would love to welcome you to Barcelona very soon. Come and discover Barcelona in a very unique way with me and my team!!! BOOK NOW Come and discover Barcelona in a very unique way with me and my team!!!\" \/>\n<meta property=\"og:url\" content=\"https:\/\/barcilunaprivatetoursbarcelona.com\/es\/about-me\/\" \/>\n<meta property=\"og:site_name\" content=\"Barciluna private tours barcelona\" \/>\n<meta property=\"article:modified_time\" content=\"2024-02-09T08:03:15+00:00\" \/>\n<meta property=\"og:image\" content=\"https:\/\/barcilunaprivatetoursbarcelona.com\/wp-content\/uploads\/2023\/09\/C360_2020-06-15-13-17-23-352.webp\" \/>\n<meta name=\"twitter:card\" content=\"summary_large_image\" \/>\n<meta name=\"twitter:label1\" content=\"Tiempo de lectura\" \/>\n\t<meta name=\"twitter:data1\" content=\"2 minutos\" \/>\n<script type=\"application\/ld+json\" class=\"yoast-schema-graph\">{\"@context\":\"https:\/\/schema.org\",\"@graph\":[{\"@type\":\"WebPage\",\"@id\":\"https:\/\/barcilunaprivatetoursbarcelona.com\/about-me\/\",\"url\":\"https:\/\/barcilunaprivatetoursbarcelona.com\/about-me\/\",\"name\":\"About me - Barciluna private tours barcelona\",\"isPartOf\":{\"@id\":\"https:\/\/barcilunaprivatetoursbarcelona.com\/#website\"},\"primaryImageOfPage\":{\"@id\":\"https:\/\/barcilunaprivatetoursbarcelona.com\/about-me\/#primaryimage\"},\"image\":{\"@id\":\"https:\/\/barcilunaprivatetoursbarcelona.com\/about-me\/#primaryimage\"},\"thumbnailUrl\":\"https:\/\/barcilunaprivatetoursbarcelona.com\/wp-content\/uploads\/2023\/09\/C360_2020-06-15-13-17-23-352.webp\",\"datePublished\":\"2023-08-31T12:09:24+00:00\",\"dateModified\":\"2024-02-09T08:03:15+00:00\",\"breadcrumb\":{\"@id\":\"https:\/\/barcilunaprivatetoursbarcelona.com\/about-me\/#breadcrumb\"},\"inLanguage\":\"es\",\"potentialAction\":[{\"@type\":\"ReadAction\",\"target\":[\"https:\/\/barcilunaprivatetoursbarcelona.com\/about-me\/\"]}]},{\"@type\":\"ImageObject\",\"inLanguage\":\"es\",\"@id\":\"https:\/\/barcilunaprivatetoursbarcelona.com\/about-me\/#primaryimage\",\"url\":\"https:\/\/barcilunaprivatetoursbarcelona.com\/wp-content\/uploads\/2023\/09\/C360_2020-06-15-13-17-23-352.webp\",\"contentUrl\":\"https:\/\/barcilunaprivatetoursbarcelona.com\/wp-content\/uploads\/2023\/09\/C360_2020-06-15-13-17-23-352.webp\"},{\"@type\":\"BreadcrumbList\",\"@id\":\"https:\/\/barcilunaprivatetoursbarcelona.com\/about-me\/#breadcrumb\",\"itemListElement\":[{\"@type\":\"ListItem\",\"position\":1,\"name\":\"Home\",\"item\":\"https:\/\/barcilunaprivatetoursbarcelona.com\/\"},{\"@type\":\"ListItem\",\"position\":2,\"name\":\"About me\"}]},{\"@type\":\"WebSite\",\"@id\":\"https:\/\/barcilunaprivatetoursbarcelona.com\/#website\",\"url\":\"https:\/\/barcilunaprivatetoursbarcelona.com\/\",\"name\":\"Barciluna Private Tours Barcelona\",\"description\":\"Barciluna  private tours barcelona\",\"publisher\":{\"@id\":\"https:\/\/barcilunaprivatetoursbarcelona.com\/#organization\"},\"alternateName\":\"Barciluna Private Tours Barcelona\",\"potentialAction\":[{\"@type\":\"SearchAction\",\"target\":{\"@type\":\"EntryPoint\",\"urlTemplate\":\"https:\/\/barcilunaprivatetoursbarcelona.com\/?s={search_term_string}\"},\"query-input\":{\"@type\":\"PropertyValueSpecification\",\"valueRequired\":true,\"valueName\":\"search_term_string\"}}],\"inLanguage\":\"es\"},{\"@type\":\"Organization\",\"@id\":\"https:\/\/barcilunaprivatetoursbarcelona.com\/#organization\",\"name\":\"Barciluna Private Tours Barcelona\",\"url\":\"https:\/\/barcilunaprivatetoursbarcelona.com\/\",\"logo\":{\"@type\":\"ImageObject\",\"inLanguage\":\"es\",\"@id\":\"https:\/\/barcilunaprivatetoursbarcelona.com\/#\/schema\/logo\/image\/\",\"url\":\"https:\/\/barcilunaprivatetoursbarcelona.com\/wp-content\/uploads\/2023\/09\/WhatsApp-Image-2023-08-17-at-15.56.00-1.jpeg\",\"contentUrl\":\"https:\/\/barcilunaprivatetoursbarcelona.com\/wp-content\/uploads\/2023\/09\/WhatsApp-Image-2023-08-17-at-15.56.00-1.jpeg\",\"width\":1600,\"height\":1600,\"caption\":\"Barciluna Private Tours Barcelona\"},\"image\":{\"@id\":\"https:\/\/barcilunaprivatetoursbarcelona.com\/#\/schema\/logo\/image\/\"}}]}<\/script>\n<!-- \/ Yoast SEO plugin. -->","yoast_head_json":{"title":"About me - Barciluna private tours barcelona","robots":{"index":"index","follow":"follow","max-snippet":"max-snippet:-1","max-image-preview":"max-image-preview:large","max-video-preview":"max-video-preview:-1"},"canonical":"https:\/\/barcilunaprivatetoursbarcelona.com\/es\/about-me\/","og_locale":"es_ES","og_type":"article","og_title":"About me - Barciluna private tours barcelona","og_description":"How it all started Hi! My name is Olga. For more than ten years I have been working as a licensed tour guide here in Barcelona, the city where I was born, and raised, and that I love so much. Ever since I was a kid, I have always liked to tell stories. My curiosity for learning about history and art led me to study two degrees in two different countries (France and Spain) and live in other cities such as London and New York. In the end, I decided that for me, Barcelona is the best city to live in. Thanks to my degrees, I have a strong educational background in art history and literature. I am passionate about Barcelona, and I have worked as a radio host for a cultural program about the city for seven years. I have also studied theatre and dramatic art for three years, working as a dance and drama teacher for 6 years. Moreover, I am an award-winning public speaker and I have created new touristic products such as dramatized guided tours. I offer routes to discover Barcelona&#8217;s Cultural Heritage with passion and knowledge of the city. To me, history is life in the past and life is emotions. That is what I want to communicate in my tours. Having fun is the best way to learn, and my goal is that people fall in love with Barcelona \ud83d\ude42 On my tours, I use storytelling techniques to create unforgettable experiences and to bring history to life. I also use my knowledge as a journalist, actress and public speaker to structure my tours engagingly. I tailor my visits to different audiences, needs and interests. My clients say that I am knowledgeable and friendly and that my enthusiasm for Barcelona and its history is infectious. My languages are English, French, Italian, Spanish and Catalan. I also work with a team of the best-licensed tour guides in Barcelona. They are local tour guides I trust and who will provide you with memorable experiences. We would love to welcome you to Barcelona very soon. Come and discover Barcelona in a very unique way with me and my team!!! BOOK NOW Come and discover Barcelona in a very unique way with me and my team!!!","og_url":"https:\/\/barcilunaprivatetoursbarcelona.com\/es\/about-me\/","og_site_name":"Barciluna private tours barcelona","article_modified_time":"2024-02-09T08:03:15+00:00","og_image":[{"url":"https:\/\/barcilunaprivatetoursbarcelona.com\/wp-content\/uploads\/2023\/09\/C360_2020-06-15-13-17-23-352.webp"}],"twitter_card":"summary_large_image","twitter_misc":{"Tiempo de lectura":"2 minutos"},"schema":{"@context":"https:\/\/schema.org","@graph":[{"@type":"WebPage","@id":"https:\/\/barcilunaprivatetoursbarcelona.com\/about-me\/","url":"https:\/\/barcilunaprivatetoursbarcelona.com\/about-me\/","name":"About me - Barciluna private tours barcelona","isPartOf":{"@id":"https:\/\/barcilunaprivatetoursbarcelona.com\/#website"},"primaryImageOfPage":{"@id":"https:\/\/barcilunaprivatetoursbarcelona.com\/about-me\/#primaryimage"},"image":{"@id":"https:\/\/barcilunaprivatetoursbarcelona.com\/about-me\/#primaryimage"},"thumbnailUrl":"https:\/\/barcilunaprivatetoursbarcelona.com\/wp-content\/uploads\/2023\/09\/C360_2020-06-15-13-17-23-352.webp","datePublished":"2023-08-31T12:09:24+00:00","dateModified":"2024-02-09T08:03:15+00:00","breadcrumb":{"@id":"https:\/\/barcilunaprivatetoursbarcelona.com\/about-me\/#breadcrumb"},"inLanguage":"es","potentialAction":[{"@type":"ReadAction","target":["https:\/\/barcilunaprivatetoursbarcelona.com\/about-me\/"]}]},{"@type":"ImageObject","inLanguage":"es","@id":"https:\/\/barcilunaprivatetoursbarcelona.com\/about-me\/#primaryimage","url":"https:\/\/barcilunaprivatetoursbarcelona.com\/wp-content\/uploads\/2023\/09\/C360_2020-06-15-13-17-23-352.webp","contentUrl":"https:\/\/barcilunaprivatetoursbarcelona.com\/wp-content\/uploads\/2023\/09\/C360_2020-06-15-13-17-23-352.webp"},{"@type":"BreadcrumbList","@id":"https:\/\/barcilunaprivatetoursbarcelona.com\/about-me\/#breadcrumb","itemListElement":[{"@type":"ListItem","position":1,"name":"Home","item":"https:\/\/barcilunaprivatetoursbarcelona.com\/"},{"@type":"ListItem","position":2,"name":"About me"}]},{"@type":"WebSite","@id":"https:\/\/barcilunaprivatetoursbarcelona.com\/#website","url":"https:\/\/barcilunaprivatetoursbarcelona.com\/","name":"Barciluna Private Tours Barcelona","description":"Barciluna  private tours barcelona","publisher":{"@id":"https:\/\/barcilunaprivatetoursbarcelona.com\/#organization"},"alternateName":"Barciluna Private Tours Barcelona","potentialAction":[{"@type":"SearchAction","target":{"@type":"EntryPoint","urlTemplate":"https:\/\/barcilunaprivatetoursbarcelona.com\/?s={search_term_string}"},"query-input":{"@type":"PropertyValueSpecification","valueRequired":true,"valueName":"search_term_string"}}],"inLanguage":"es"},{"@type":"Organization","@id":"https:\/\/barcilunaprivatetoursbarcelona.com\/#organization","name":"Barciluna Private Tours Barcelona","url":"https:\/\/barcilunaprivatetoursbarcelona.com\/","logo":{"@type":"ImageObject","inLanguage":"es","@id":"https:\/\/barcilunaprivatetoursbarcelona.com\/#\/schema\/logo\/image\/","url":"https:\/\/barcilunaprivatetoursbarcelona.com\/wp-content\/uploads\/2023\/09\/WhatsApp-Image-2023-08-17-at-15.56.00-1.jpeg","contentUrl":"https:\/\/barcilunaprivatetoursbarcelona.com\/wp-content\/uploads\/2023\/09\/WhatsApp-Image-2023-08-17-at-15.56.00-1.jpeg","width":1600,"height":1600,"caption":"Barciluna Private Tours Barcelona"},"image":{"@id":"https:\/\/barcilunaprivatetoursbarcelona.com\/#\/schema\/logo\/image\/"}}]}},"_hostinger_reach_plugin_has_subscription_block":false,"_hostinger_reach_plugin_is_elementor":false,"_links":{"self":[{"href":"https:\/\/barcilunaprivatetoursbarcelona.com\/es\/wp-json\/wp\/v2\/pages\/396","targetHints":{"allow":["GET"]}}],"collection":[{"href":"https:\/\/barcilunaprivatetoursbarcelona.com\/es\/wp-json\/wp\/v2\/pages"}],"about":[{"href":"https:\/\/barcilunaprivatetoursbarcelona.com\/es\/wp-json\/wp\/v2\/types\/page"}],"author":[{"embeddable":true,"href":"https:\/\/barcilunaprivatetoursbarcelona.com\/es\/wp-json\/wp\/v2\/users\/1"}],"replies":[{"embeddable":true,"href":"https:\/\/barcilunaprivatetoursbarcelona.com\/es\/wp-json\/wp\/v2\/comments?post=396"}],"version-history":[{"count":0,"href":"https:\/\/barcilunaprivatetoursbarcelona.com\/es\/wp-json\/wp\/v2\/pages\/396\/revisions"}],"wp:attachment":[{"href":"https:\/\/barcilunaprivatetoursbarcelona.com\/es\/wp-json\/wp\/v2\/media?parent=396"}],"curies":[{"name":"wp","href":"https:\/\/api.w.org\/{rel}","templated":true}]}}