{"id":400,"date":"2023-08-31T14:12:06","date_gmt":"2023-08-31T12:12:06","guid":{"rendered":"https:\/\/barcilunaprivatetoursbarcelona.com\/?page_id=400"},"modified":"2026-03-21T17:49:14","modified_gmt":"2026-03-21T15:49:14","slug":"contact","status":"publish","type":"page","link":"https:\/\/barcilunaprivatetoursbarcelona.com\/es\/contact\/","title":{"rendered":"Contacto"},"content":{"rendered":"<div data-elementor-type=\"wp-page\" data-elementor-id=\"400\" class=\"elementor elementor-400\" data-elementor-post-type=\"page\">\n\t\t\t\t<div class=\"elementor-element elementor-element-ea9f852 e-flex e-con-boxed wpr-particle-no wpr-jarallax-no wpr-parallax-no wpr-sticky-section-no e-con e-parent\" data-id=\"ea9f852\" data-element_type=\"container\" data-settings=\"{&quot;background_background&quot;:&quot;gradient&quot;}\">\n\t\t\t\t\t<div class=\"e-con-inner\">\n\t\t\t\t\t<\/div>\n\t\t\t\t<\/div>\n\t\t<div class=\"elementor-element elementor-element-3c87a63 e-flex e-con-boxed wpr-particle-no wpr-jarallax-no wpr-parallax-no wpr-sticky-section-no e-con e-parent\" data-id=\"3c87a63\" data-element_type=\"container\">\n\t\t\t\t\t<div class=\"e-con-inner\">\n\t\t\t\t<div class=\"elementor-element elementor-element-7a490a4 elementor-widget elementor-widget-spacer\" data-id=\"7a490a4\" data-element_type=\"widget\" data-widget_type=\"spacer.default\">\n\t\t\t\t<div class=\"elementor-widget-container\">\n\t\t\t\t\t\t\t<div class=\"elementor-spacer\">\n\t\t\t<div class=\"elementor-spacer-inner\"><\/div>\n\t\t<\/div>\n\t\t\t\t\t\t<\/div>\n\t\t\t\t<\/div>\n\t\t\t\t\t<\/div>\n\t\t\t\t<\/div>\n\t\t<div class=\"elementor-element elementor-element-d13400f e-flex e-con-boxed wpr-particle-no wpr-jarallax-no wpr-parallax-no wpr-sticky-section-no e-con e-parent\" data-id=\"d13400f\" data-element_type=\"container\">\n\t\t\t\t\t<div class=\"e-con-inner\">\n\t\t<div class=\"elementor-element elementor-element-a64d41e e-con-full e-flex wpr-particle-no wpr-jarallax-no wpr-parallax-no wpr-sticky-section-no e-con e-child\" data-id=\"a64d41e\" data-element_type=\"container\">\n\t\t\t\t<div class=\"elementor-element elementor-element-1301b57 elementor-widget elementor-widget-text-editor\" data-id=\"1301b57\" data-element_type=\"widget\" data-widget_type=\"text-editor.default\">\n\t\t\t\t<div class=\"elementor-widget-container\">\n\t\t\t\t\t\t\t\t\t<p>\u00bfListo para una experiencia \u00fanica? Cont\u00e1ctanos ahora para personalizar tu itinerario y hacer de tu viaje una aventura inolvidable. \u00a1Descubre m\u00e1s con Barciluna hoy!<\/p>\t\t\t\t\t\t\t\t<\/div>\n\t\t\t\t<\/div>\n\t\t\t\t<div class=\"elementor-element elementor-element-fde30ba elementor-view-default elementor-position-top elementor-mobile-position-top elementor-widget elementor-widget-icon-box\" data-id=\"fde30ba\" data-element_type=\"widget\" data-widget_type=\"icon-box.default\">\n\t\t\t\t<div class=\"elementor-widget-container\">\n\t\t\t\t\t\t\t<div class=\"elementor-icon-box-wrapper\">\n\n\t\t\t\t\t\t<div class=\"elementor-icon-box-icon\">\n\t\t\t\t<a href=\"http:\/\/info@barcilunaprivatetoursbarcelona.com\/es\/\" class=\"elementor-icon\" tabindex=\"-1\">\n\t\t\t\t<i aria-hidden=\"true\" class=\"fas fa-envelope-open-text\"><\/i>\t\t\t\t<\/a>\n\t\t\t<\/div>\n\t\t\t\n\t\t\t\t\t\t<div class=\"elementor-icon-box-content\">\n\n\t\t\t\t\n\t\t\t\t\t\t\t\t\t<p class=\"elementor-icon-box-description\">\n\t\t\t\t\t\tinfo@barcilunaprivatetoursbarcelona.com<\/a>\t\t\t\t\t<\/p>\n\t\t\t\t\n\t\t\t<\/div>\n\t\t\t\n\t\t<\/div>\n\t\t\t\t\t\t<\/div>\n\t\t\t\t<\/div>\n\t\t\t\t<div class=\"elementor-element elementor-element-6e9d5d0 elementor-view-default elementor-position-top elementor-mobile-position-top elementor-widget elementor-widget-icon-box\" data-id=\"6e9d5d0\" data-element_type=\"widget\" data-widget_type=\"icon-box.default\">\n\t\t\t\t<div class=\"elementor-widget-container\">\n\t\t\t\t\t\t\t<div class=\"elementor-icon-box-wrapper\">\n\n\t\t\t\t\t\t<div class=\"elementor-icon-box-icon\">\n\t\t\t\t<a href=\"tel:+34605444676\" class=\"elementor-icon\" tabindex=\"-1\">\n\t\t\t\t<i aria-hidden=\"true\" class=\"fas fa-phone-volume\"><\/i>\t\t\t\t<\/a>\n\t\t\t<\/div>\n\t\t\t\n\t\t\t\t\t\t<div class=\"elementor-icon-box-content\">\n\n\t\t\t\t\n\t\t\t\t\t\t\t\t\t<p class=\"elementor-icon-box-description\">\n\t\t\t\t\t\t+34 605 44 46 76\t\t\t\t\t<\/p>\n\t\t\t\t\n\t\t\t<\/div>\n\t\t\t\n\t\t<\/div>\n\t\t\t\t\t\t<\/div>\n\t\t\t\t<\/div>\n\t\t\t\t<div class=\"elementor-element elementor-element-6113e1c elementor-widget elementor-widget-html\" data-id=\"6113e1c\" data-element_type=\"widget\" data-widget_type=\"html.default\">\n\t\t\t\t<div class=\"elementor-widget-container\">\n\t\t\t\t\t<style>\r\n    .boton-flotante {\r\n        position: fixed;\r\n        bottom: 80px;\r\n        left:45px;\r\n        background-color:#1CD173;\r\n        \r\n        color: #ffffff!important;\r\n        font-weight: 700;\r\n        padding: 10px 20px;\r\n        border-radius: 30px;\r\n        cursor: pointer;\r\n        z-index: 1000;\r\n    }\r\n    .boton-flotante:hover {\r\n        background-color: #ac0ab8;\r\n    \r\n<\/style>\r\n\r\n<a href=\"https:\/\/barcilunaprivatetoursbarcelona.com\/es\/contact\/\" class=\"boton-flotante\">BOOK NOW<\/a>\r\n\t\t\t\t<\/div>\n\t\t\t\t<\/div>\n\t\t\t\t<\/div>\n\t\t<div class=\"elementor-element elementor-element-4cf69b1 e-con-full e-flex wpr-particle-no wpr-jarallax-no wpr-parallax-no wpr-sticky-section-no e-con e-child\" data-id=\"4cf69b1\" data-element_type=\"container\">\n\t\t\t\t<div class=\"elementor-element elementor-element-e0ca56e elementor-widget elementor-widget-heading\" data-id=\"e0ca56e\" data-element_type=\"widget\" data-widget_type=\"heading.default\">\n\t\t\t\t<div class=\"elementor-widget-container\">\n\t\t\t\t\t<h2 class=\"elementor-heading-title elementor-size-default\">Contacto<\/h2>\t\t\t\t<\/div>\n\t\t\t\t<\/div>\n\t\t<div class=\"elementor-element elementor-element-b38ac2a e-con-full e-flex wpr-particle-no wpr-jarallax-no wpr-parallax-no wpr-sticky-section-no e-con e-child\" data-id=\"b38ac2a\" data-element_type=\"container\">\n\t\t\t\t<div class=\"elementor-element elementor-element-32e8ef0 elementor-widget elementor-widget-heading\" data-id=\"32e8ef0\" data-element_type=\"widget\" data-widget_type=\"heading.default\">\n\t\t\t\t<div class=\"elementor-widget-container\">\n\t\t\t\t\t<h2 class=\"elementor-heading-title elementor-size-default\">Dise\u00f1a tu recorrido\n<\/h2>\t\t\t\t<\/div>\n\t\t\t\t<\/div>\n\t\t\t\t<div class=\"elementor-element elementor-element-de1752b elementor-button-align-center elementor-widget elementor-widget-form\" data-id=\"de1752b\" data-element_type=\"widget\" data-settings=\"{&quot;step_next_label&quot;:&quot;Next&quot;,&quot;step_previous_label&quot;:&quot;Previous&quot;,&quot;button_width&quot;:&quot;100&quot;,&quot;step_type&quot;:&quot;number_text&quot;,&quot;step_icon_shape&quot;:&quot;circle&quot;}\" data-widget_type=\"form.default\">\n\t\t\t\t<div class=\"elementor-widget-container\">\n\t\t\t\t\t\t\t<form class=\"elementor-form\" method=\"post\" name=\"New Form\" aria-label=\"New Form\" action=\"\">\n\t\t\t<input type=\"hidden\" name=\"post_id\" value=\"400\"\/>\n\t\t\t<input type=\"hidden\" name=\"form_id\" value=\"de1752b\"\/>\n\t\t\t<input type=\"hidden\" name=\"referer_title\" value=\"Barciluna  private tours barcelona\" \/>\n\n\t\t\t\n\t\t\t<div class=\"elementor-form-fields-wrapper elementor-labels-\">\n\t\t\t\t\t\t\t\t<div class=\"elementor-field-type-text elementor-field-group elementor-column elementor-field-group-name elementor-col-100\">\n\t\t\t\t\t\t\t\t\t\t\t\t\t<input size=\"1\" type=\"text\" name=\"form_fields[name]\" id=\"form-field-name\" class=\"elementor-field elementor-size-md  elementor-field-textual\" placeholder=\"NOMBRE Y APELLIDO\">\n\t\t\t\t\t\t\t\t\t\t\t<\/div>\n\t\t\t\t\t\t\t\t<div class=\"elementor-field-type-email elementor-field-group elementor-column elementor-field-group-email elementor-col-100 elementor-field-required\">\n\t\t\t\t\t\t\t\t\t\t\t\t\t<input size=\"1\" type=\"email\" name=\"form_fields[email]\" id=\"form-field-email\" class=\"elementor-field elementor-size-md  elementor-field-textual\" placeholder=\"DIRECCI\u00d3N DE CORREO ELECTR\u00d3NICO\" required=\"required\">\n\t\t\t\t\t\t\t\t\t\t\t<\/div>\n\t\t\t\t\t\t\t\t<div class=\"elementor-field-type-text elementor-field-group elementor-column elementor-field-group-field_3cc11de elementor-col-100\">\n\t\t\t\t\t\t\t\t\t\t\t\t\t<input size=\"1\" type=\"text\" name=\"form_fields[field_3cc11de]\" id=\"form-field-field_3cc11de\" class=\"elementor-field elementor-size-md  elementor-field-textual\" placeholder=\"TEL\u00c9FONO (Agregar c\u00f3digo de pa\u00eds. Por ejemplo, +1)\">\n\t\t\t\t\t\t\t\t\t\t\t<\/div>\n\t\t\t\t\t\t\t\t<div class=\"elementor-field-type-textarea elementor-field-group elementor-column elementor-field-group-message elementor-col-100\">\n\t\t\t\t\t<textarea class=\"elementor-field-textual elementor-field  elementor-size-md\" name=\"form_fields[message]\" id=\"form-field-message\" rows=\"4\" placeholder=\"TOUR\/S &amp; DATES\"><\/textarea>\t\t\t\t<\/div>\n\t\t\t\t\t\t\t\t<div class=\"elementor-field-type-html elementor-field-group elementor-column elementor-field-group-field_2ee04ef elementor-col-100\">\n\t\t\t\t\t<form>\n  <input type=\"checkbox\" id=\"terminos-condiciones\" name=\"terminos-condiciones\">\n  <label for=\"terminos-condiciones\">Acepto los <a href=\"\/es\/terms-and-conditions-2\/\">t\u00e9rminos y condiciones<\/a><\/label>\n<\/form>\t\t\t\t<\/div>\n\t\t\t\t\t\t\t\t<div class=\"elementor-field-group elementor-column elementor-field-type-submit elementor-col-100 e-form__buttons\">\n\t\t\t\t\t<button class=\"elementor-button elementor-size-md\" type=\"submit\">\n\t\t\t\t\t\t<span class=\"elementor-button-content-wrapper\">\n\t\t\t\t\t\t\t\t\t\t\t\t\t\t\t\t\t\t\t\t\t\t<span class=\"elementor-button-text\">Enviar<\/span>\n\t\t\t\t\t\t\t\t\t\t\t\t\t<\/span>\n\t\t\t\t\t<\/button>\n\t\t\t\t<\/div>\n\t\t\t<\/div>\n\t\t<input type=\"hidden\" name=\"trp-form-language\" value=\"es\"\/><\/form>\n\t\t\t\t\t\t<\/div>\n\t\t\t\t<\/div>\n\t\t\t\t<\/div>\n\t\t\t\t<\/div>\n\t\t\t\t\t<\/div>\n\t\t\t\t<\/div>\n\t\t<div class=\"elementor-element elementor-element-12cfb92 e-flex e-con-boxed wpr-particle-no wpr-jarallax-no wpr-parallax-no wpr-sticky-section-no e-con e-parent\" data-id=\"12cfb92\" data-element_type=\"container\">\n\t\t\t\t\t<div class=\"e-con-inner\">\n\t\t\t\t\t<\/div>\n\t\t\t\t<\/div>\n\t\t<div class=\"elementor-element elementor-element-50607b7 e-flex e-con-boxed wpr-particle-no wpr-jarallax-no wpr-parallax-no wpr-sticky-section-no e-con e-parent\" data-id=\"50607b7\" data-element_type=\"container\">\n\t\t\t\t\t<div class=\"e-con-inner\">\n\t\t\t\t<div class=\"elementor-element elementor-element-36b5887 elementor-widget elementor-widget-spacer\" data-id=\"36b5887\" data-element_type=\"widget\" data-widget_type=\"spacer.default\">\n\t\t\t\t<div class=\"elementor-widget-container\">\n\t\t\t\t\t\t\t<div class=\"elementor-spacer\">\n\t\t\t<div class=\"elementor-spacer-inner\"><\/div>\n\t\t<\/div>\n\t\t\t\t\t\t<\/div>\n\t\t\t\t<\/div>\n\t\t\t\t\t<\/div>\n\t\t\t\t<\/div>\n\t\t\t\t<\/div>","protected":false},"excerpt":{"rendered":"<p>Ready for a unique experience? Contact us now to customize your itinerary and make your trip an unforgettable adventure. Discover more with Barciluna today! info@barcilunaprivatetoursbarcelona.com +34 605 44 46 76 BOOK NOW Contact Design your tour<\/p>","protected":false},"author":1,"featured_media":0,"parent":0,"menu_order":21,"comment_status":"closed","ping_status":"closed","template":"elementor_header_footer","meta":{"footnotes":""},"class_list":["post-400","page","type-page","status-publish","hentry"],"yoast_head":"<!-- This site is optimized with the Yoast SEO plugin v23.6 - https:\/\/yoast.com\/wordpress\/plugins\/seo\/ -->\n<title>Contact - Barciluna private tours barcelona<\/title>\n<meta name=\"robots\" content=\"index, follow, max-snippet:-1, max-image-preview:large, max-video-preview:-1\" \/>\n<link rel=\"canonical\" href=\"https:\/\/barcilunaprivatetoursbarcelona.com\/es\/contact\/\" \/>\n<meta property=\"og:locale\" content=\"es_ES\" \/>\n<meta property=\"og:type\" content=\"article\" \/>\n<meta property=\"og:title\" content=\"Contact - Barciluna private tours barcelona\" \/>\n<meta property=\"og:description\" content=\"Ready for a unique experience? Contact us now to customize your itinerary and make your trip an unforgettable adventure. Discover more with Barciluna today! info@barcilunaprivatetoursbarcelona.com +34 605 44 46 76 BOOK NOW Contact Design your tour\" \/>\n<meta property=\"og:url\" content=\"https:\/\/barcilunaprivatetoursbarcelona.com\/es\/contact\/\" \/>\n<meta property=\"og:site_name\" content=\"Barciluna private tours barcelona\" \/>\n<meta property=\"article:modified_time\" content=\"2026-03-21T15:49:14+00:00\" \/>\n<meta property=\"og:image\" content=\"https:\/\/barcilunaprivatetoursbarcelona.com\/wp-content\/uploads\/2023\/09\/WhatsApp-Image-2023-08-17-at-15.56.00-1.jpeg\" \/>\n\t<meta property=\"og:image:width\" content=\"1600\" \/>\n\t<meta property=\"og:image:height\" content=\"1600\" \/>\n\t<meta property=\"og:image:type\" content=\"image\/jpeg\" \/>\n<meta name=\"twitter:card\" content=\"summary_large_image\" \/>\n<meta name=\"twitter:label1\" content=\"Tiempo de lectura\" \/>\n\t<meta name=\"twitter:data1\" content=\"1 minuto\" \/>\n<script type=\"application\/ld+json\" class=\"yoast-schema-graph\">{\"@context\":\"https:\/\/schema.org\",\"@graph\":[{\"@type\":\"WebPage\",\"@id\":\"https:\/\/barcilunaprivatetoursbarcelona.com\/contact\/\",\"url\":\"https:\/\/barcilunaprivatetoursbarcelona.com\/contact\/\",\"name\":\"Contact - Barciluna private tours barcelona\",\"isPartOf\":{\"@id\":\"https:\/\/barcilunaprivatetoursbarcelona.com\/#website\"},\"datePublished\":\"2023-08-31T12:12:06+00:00\",\"dateModified\":\"2026-03-21T15:49:14+00:00\",\"breadcrumb\":{\"@id\":\"https:\/\/barcilunaprivatetoursbarcelona.com\/contact\/#breadcrumb\"},\"inLanguage\":\"es\",\"potentialAction\":[{\"@type\":\"ReadAction\",\"target\":[\"https:\/\/barcilunaprivatetoursbarcelona.com\/contact\/\"]}]},{\"@type\":\"BreadcrumbList\",\"@id\":\"https:\/\/barcilunaprivatetoursbarcelona.com\/contact\/#breadcrumb\",\"itemListElement\":[{\"@type\":\"ListItem\",\"position\":1,\"name\":\"Home\",\"item\":\"https:\/\/barcilunaprivatetoursbarcelona.com\/\"},{\"@type\":\"ListItem\",\"position\":2,\"name\":\"Contact\"}]},{\"@type\":\"WebSite\",\"@id\":\"https:\/\/barcilunaprivatetoursbarcelona.com\/#website\",\"url\":\"https:\/\/barcilunaprivatetoursbarcelona.com\/\",\"name\":\"Barciluna Private Tours Barcelona\",\"description\":\"Barciluna  private tours barcelona\",\"publisher\":{\"@id\":\"https:\/\/barcilunaprivatetoursbarcelona.com\/#organization\"},\"alternateName\":\"Barciluna Private Tours Barcelona\",\"potentialAction\":[{\"@type\":\"SearchAction\",\"target\":{\"@type\":\"EntryPoint\",\"urlTemplate\":\"https:\/\/barcilunaprivatetoursbarcelona.com\/?s={search_term_string}\"},\"query-input\":{\"@type\":\"PropertyValueSpecification\",\"valueRequired\":true,\"valueName\":\"search_term_string\"}}],\"inLanguage\":\"es\"},{\"@type\":\"Organization\",\"@id\":\"https:\/\/barcilunaprivatetoursbarcelona.com\/#organization\",\"name\":\"Barciluna Private Tours Barcelona\",\"url\":\"https:\/\/barcilunaprivatetoursbarcelona.com\/\",\"logo\":{\"@type\":\"ImageObject\",\"inLanguage\":\"es\",\"@id\":\"https:\/\/barcilunaprivatetoursbarcelona.com\/#\/schema\/logo\/image\/\",\"url\":\"https:\/\/barcilunaprivatetoursbarcelona.com\/wp-content\/uploads\/2023\/09\/WhatsApp-Image-2023-08-17-at-15.56.00-1.jpeg\",\"contentUrl\":\"https:\/\/barcilunaprivatetoursbarcelona.com\/wp-content\/uploads\/2023\/09\/WhatsApp-Image-2023-08-17-at-15.56.00-1.jpeg\",\"width\":1600,\"height\":1600,\"caption\":\"Barciluna Private Tours Barcelona\"},\"image\":{\"@id\":\"https:\/\/barcilunaprivatetoursbarcelona.com\/#\/schema\/logo\/image\/\"}}]}<\/script>\n<!-- \/ Yoast SEO plugin. -->","yoast_head_json":{"title":"Contact - Barciluna private tours barcelona","robots":{"index":"index","follow":"follow","max-snippet":"max-snippet:-1","max-image-preview":"max-image-preview:large","max-video-preview":"max-video-preview:-1"},"canonical":"https:\/\/barcilunaprivatetoursbarcelona.com\/es\/contact\/","og_locale":"es_ES","og_type":"article","og_title":"Contact - Barciluna private tours barcelona","og_description":"Ready for a unique experience? Contact us now to customize your itinerary and make your trip an unforgettable adventure. Discover more with Barciluna today! info@barcilunaprivatetoursbarcelona.com +34 605 44 46 76 BOOK NOW Contact Design your tour","og_url":"https:\/\/barcilunaprivatetoursbarcelona.com\/es\/contact\/","og_site_name":"Barciluna private tours barcelona","article_modified_time":"2026-03-21T15:49:14+00:00","og_image":[{"width":1600,"height":1600,"url":"https:\/\/barcilunaprivatetoursbarcelona.com\/wp-content\/uploads\/2023\/09\/WhatsApp-Image-2023-08-17-at-15.56.00-1.jpeg","type":"image\/jpeg"}],"twitter_card":"summary_large_image","twitter_misc":{"Tiempo de lectura":"1 minuto"},"schema":{"@context":"https:\/\/schema.org","@graph":[{"@type":"WebPage","@id":"https:\/\/barcilunaprivatetoursbarcelona.com\/contact\/","url":"https:\/\/barcilunaprivatetoursbarcelona.com\/contact\/","name":"Contact - Barciluna private tours barcelona","isPartOf":{"@id":"https:\/\/barcilunaprivatetoursbarcelona.com\/#website"},"datePublished":"2023-08-31T12:12:06+00:00","dateModified":"2026-03-21T15:49:14+00:00","breadcrumb":{"@id":"https:\/\/barcilunaprivatetoursbarcelona.com\/contact\/#breadcrumb"},"inLanguage":"es","potentialAction":[{"@type":"ReadAction","target":["https:\/\/barcilunaprivatetoursbarcelona.com\/contact\/"]}]},{"@type":"BreadcrumbList","@id":"https:\/\/barcilunaprivatetoursbarcelona.com\/contact\/#breadcrumb","itemListElement":[{"@type":"ListItem","position":1,"name":"Home","item":"https:\/\/barcilunaprivatetoursbarcelona.com\/"},{"@type":"ListItem","position":2,"name":"Contact"}]},{"@type":"WebSite","@id":"https:\/\/barcilunaprivatetoursbarcelona.com\/#website","url":"https:\/\/barcilunaprivatetoursbarcelona.com\/","name":"Barciluna Private Tours Barcelona","description":"Barciluna  private tours barcelona","publisher":{"@id":"https:\/\/barcilunaprivatetoursbarcelona.com\/#organization"},"alternateName":"Barciluna Private Tours Barcelona","potentialAction":[{"@type":"SearchAction","target":{"@type":"EntryPoint","urlTemplate":"https:\/\/barcilunaprivatetoursbarcelona.com\/?s={search_term_string}"},"query-input":{"@type":"PropertyValueSpecification","valueRequired":true,"valueName":"search_term_string"}}],"inLanguage":"es"},{"@type":"Organization","@id":"https:\/\/barcilunaprivatetoursbarcelona.com\/#organization","name":"Barciluna Private Tours Barcelona","url":"https:\/\/barcilunaprivatetoursbarcelona.com\/","logo":{"@type":"ImageObject","inLanguage":"es","@id":"https:\/\/barcilunaprivatetoursbarcelona.com\/#\/schema\/logo\/image\/","url":"https:\/\/barcilunaprivatetoursbarcelona.com\/wp-content\/uploads\/2023\/09\/WhatsApp-Image-2023-08-17-at-15.56.00-1.jpeg","contentUrl":"https:\/\/barcilunaprivatetoursbarcelona.com\/wp-content\/uploads\/2023\/09\/WhatsApp-Image-2023-08-17-at-15.56.00-1.jpeg","width":1600,"height":1600,"caption":"Barciluna Private Tours Barcelona"},"image":{"@id":"https:\/\/barcilunaprivatetoursbarcelona.com\/#\/schema\/logo\/image\/"}}]}},"_hostinger_reach_plugin_has_subscription_block":false,"_hostinger_reach_plugin_is_elementor":false,"_links":{"self":[{"href":"https:\/\/barcilunaprivatetoursbarcelona.com\/es\/wp-json\/wp\/v2\/pages\/400","targetHints":{"allow":["GET"]}}],"collection":[{"href":"https:\/\/barcilunaprivatetoursbarcelona.com\/es\/wp-json\/wp\/v2\/pages"}],"about":[{"href":"https:\/\/barcilunaprivatetoursbarcelona.com\/es\/wp-json\/wp\/v2\/types\/page"}],"author":[{"embeddable":true,"href":"https:\/\/barcilunaprivatetoursbarcelona.com\/es\/wp-json\/wp\/v2\/users\/1"}],"replies":[{"embeddable":true,"href":"https:\/\/barcilunaprivatetoursbarcelona.com\/es\/wp-json\/wp\/v2\/comments?post=400"}],"version-history":[{"count":6,"href":"https:\/\/barcilunaprivatetoursbarcelona.com\/es\/wp-json\/wp\/v2\/pages\/400\/revisions"}],"predecessor-version":[{"id":5452,"href":"https:\/\/barcilunaprivatetoursbarcelona.com\/es\/wp-json\/wp\/v2\/pages\/400\/revisions\/5452"}],"wp:attachment":[{"href":"https:\/\/barcilunaprivatetoursbarcelona.com\/es\/wp-json\/wp\/v2\/media?parent=400"}],"curies":[{"name":"wp","href":"https:\/\/api.w.org\/{rel}","templated":true}]}}