{"id":4719,"date":"2024-02-08T19:09:51","date_gmt":"2024-02-08T17:09:51","guid":{"rendered":"https:\/\/barcilunaprivatetoursbarcelona.com\/?page_id=4719"},"modified":"2026-03-21T15:16:23","modified_gmt":"2026-03-21T13:16:23","slug":"terms-and-conditions-2","status":"publish","type":"page","link":"https:\/\/barcilunaprivatetoursbarcelona.com\/es\/terms-and-conditions-2\/","title":{"rendered":"Terms and Conditions"},"content":{"rendered":"<div data-elementor-type=\"wp-page\" data-elementor-id=\"4719\" class=\"elementor elementor-4719\" data-elementor-post-type=\"page\">\n\t\t\t\t<div class=\"elementor-element elementor-element-759eb51 e-grid e-con-boxed wpr-particle-no wpr-jarallax-no wpr-parallax-no wpr-sticky-section-no e-con e-parent\" data-id=\"759eb51\" data-element_type=\"container\">\n\t\t\t\t\t<div class=\"e-con-inner\">\n\t\t\t\t<div class=\"elementor-element elementor-element-6da143f elementor-drop-cap-yes elementor-widget-mobile__width-initial parrafo elementor-drop-cap-view-default elementor-widget elementor-widget-text-editor\" data-id=\"6da143f\" data-element_type=\"widget\" data-settings=\"{&quot;drop_cap&quot;:&quot;yes&quot;}\" data-widget_type=\"text-editor.default\">\n\t\t\t\t<div class=\"elementor-widget-container\">\n\t\t\t\t\t\t\t\t\t<p style=\"text-align: left;\"><em>Effective Date: <\/em>08\/02\/2024<\/p>\n<p style=\"text-align: left;\"><!-- \/wp:paragraph --><!-- wp:paragraph --><\/p>\n<p style=\"text-align: left;\">Welcome to Barci Luna Private Tours Barcelona. By accessing our website <span style=\"color: #333399;\">https:\/\/barcilunaprivatetoursbarcelona.com<\/span>, you agree to comply with and be bound by the following terms and conditions. If you disagree with any part of these terms, please do not use our website.<\/p>\n<p style=\"text-align: left;\"><!-- \/wp:paragraph --><!-- wp:paragraph --><\/p>\n<p style=\"text-align: left;\"><span style=\"color: #ff00ff;\"><strong>1. Uso del sitio web<\/strong><\/span><\/p>\n<p style=\"text-align: left;\"><!-- \/wp:paragraph --><!-- wp:paragraph --><\/p>\n<p style=\"text-align: left;\">1.1. Debe tener al menos 18 a\u00f1os para utilizar este sitio web.<\/p>\n<p style=\"text-align: left;\"><!-- \/wp:paragraph --><!-- wp:paragraph --><\/p>\n<p style=\"text-align: left;\">1.2. Usted es responsable de garantizar que la informaci\u00f3n proporcionada durante el proceso de reserva sea exacta y completa.<\/p>\n<p style=\"text-align: left;\"><!-- \/wp:paragraph --><!-- wp:paragraph --><\/p>\n<p style=\"text-align: left;\">1.3. El uso no autorizado de este sitio web puede dar lugar a una reclamaci\u00f3n por da\u00f1os y perjuicios y\/o constituir una infracci\u00f3n penal.<\/p>\n<p style=\"text-align: left;\"><!-- \/wp:paragraph --><!-- wp:paragraph --><\/p>\n<p style=\"text-align: left;\"><span style=\"color: #ff00ff;\"><strong>2. Reservas y pagos<\/strong><\/span><\/p>\n<p style=\"text-align: left;\"><!-- \/wp:paragraph --><!-- wp:paragraph --><\/p>\n<p style=\"text-align: left;\">2.1. Todas las reservas est\u00e1n sujetas a disponibilidad.<\/p>\n<p style=\"text-align: left;\"><!-- \/wp:paragraph --><!-- wp:paragraph --><\/p>\n<p style=\"text-align: left;\">2.2. Los precios est\u00e1n expresados en [moneda] e incluyen todos los impuestos, salvo que se indique lo contrario.<\/p>\n<p style=\"text-align: left;\"><!-- \/wp:paragraph --><!-- wp:paragraph --><\/p>\n<p style=\"text-align: left;\">2.3. El pago debe realizarse en su totalidad en el momento de efectuar la reserva.<\/p>\n<p style=\"text-align: left;\"><!-- \/wp:paragraph --><!-- wp:paragraph --><\/p>\n<p style=\"text-align: left;\"><span style=\"color: #ff00ff;\"><strong>3. Cancelaciones y reembolsos<\/strong><\/span><\/p>\n<p style=\"text-align: left;\"><!-- \/wp:paragraph --><!-- wp:paragraph --><\/p>\n<p style=\"text-align: left;\"><strong>3.1.<\/strong> Las cancelaciones son gratuitas hasta 24 horas antes del inicio del tour.<\/p>\n<p style=\"text-align: left;\"><!-- \/wp:paragraph --><!-- wp:paragraph --><\/p>\n<p style=\"text-align: left;\"><strong>3.2.<\/strong> Si cancela con menos de 24 horas de antelaci\u00f3n, no se realizar\u00e1 ning\u00fan reembolso.<\/p>\n<p style=\"text-align: left;\"><!-- \/wp:paragraph --><!-- wp:paragraph --><\/p>\n<p style=\"text-align: left;\"><strong>3.3.<\/strong> En caso de no presentarse al tour (\u201cno-show\u201d), se cobrar\u00e1 el importe total de la reserva.<\/p>\n<p style=\"text-align: left;\"><!-- \/wp:paragraph --><!-- wp:paragraph --><\/p>\n<p style=\"text-align: left;\"><strong>3.4.<\/strong> Para cancelar o modificar su reserva, le rogamos que se ponga en contacto con nosotros con la mayor antelaci\u00f3n posible<\/p>\n<p style=\"text-align: left;\"><!-- \/wp:paragraph --><!-- wp:paragraph --><\/p>\n<p style=\"text-align: left;\"><span style=\"color: #ff00ff;\"><strong>4. Propiedad intelectual<\/strong><\/span><\/p>\n<p style=\"text-align: left;\"><!-- \/wp:paragraph --><!-- wp:paragraph --><\/p>\n<p style=\"text-align: left;\">4.1. All content on this website, including text, graphics, logos, and images, is the property of Barci Luna Private Tours Barcelona and is protected by copyright laws.<\/p>\n<p style=\"text-align: left;\"><!-- \/wp:paragraph --><!-- wp:paragraph --><\/p>\n<p style=\"text-align: left;\">4.2. No podr\u00e1 reproducir, distribuir ni transmitir ninguna parte del sitio web sin nuestra autorizaci\u00f3n previa por escrito.<\/p>\n<p style=\"text-align: left;\"><!-- \/wp:paragraph --><!-- wp:paragraph --><\/p>\n<p style=\"text-align: left;\"><span style=\"color: #ff00ff;\"><strong>5. Limitaci\u00f3n de responsabilidad<\/strong><\/span><\/p>\n<p style=\"text-align: left;\"><!-- \/wp:paragraph --><!-- wp:paragraph --><\/p>\n<p style=\"text-align: left;\">5.1. Barci Luna Private Tours Barcelona no ser\u00e1 responsable de ning\u00fan da\u00f1o directo, indirecto, incidental, consecuente o punitivo derivado del uso, o de la imposibilidad de uso, del sitio web.<\/p>\n<p style=\"text-align: left;\"><!-- \/wp:paragraph --><!-- wp:paragraph --><\/p>\n<p style=\"text-align: left;\">5.2. No garantizamos que el sitio web est\u00e9 libre de virus u otros componentes perjudiciales.<\/p>\n<p style=\"text-align: left;\"><!-- \/wp:paragraph --><!-- wp:paragraph --><\/p>\n<p style=\"text-align: left;\"><span style=\"color: #ff00ff;\"><strong>6. Legislaci\u00f3n aplicable<\/strong><\/span><\/p>\n<p style=\"text-align: left;\"><!-- \/wp:paragraph --><!-- wp:paragraph --><\/p>\n<p style=\"text-align: left;\">6.1. Estos t\u00e9rminos y condiciones se rigen e interpretan de conformidad con la legislaci\u00f3n espa\u00f1ola.<\/p>\n<p style=\"text-align: left;\"><!-- \/wp:paragraph --><!-- wp:paragraph --><\/p>\n<p style=\"text-align: left;\"><span style=\"color: #ff00ff;\"><strong>7. Cambios en los t\u00e9rminos y condiciones<\/strong><\/span><\/p>\n<p style=\"text-align: left;\"><!-- \/wp:paragraph --><!-- wp:paragraph --><\/p>\n<p style=\"text-align: left;\">7.1. Nos reservamos el derecho de actualizar, modificar o sustituir cualquier parte de estos t\u00e9rminos y condiciones a nuestra entera discreci\u00f3n.<\/p>\n<p style=\"text-align: left;\"><!-- \/wp:paragraph --><!-- wp:paragraph --><\/p>\n<p style=\"text-align: left;\">By using our website, you agree to these terms and conditions. If you have any questions or concerns, please contact us at <a href=\"http:\/\/olgaescriba@yahoo.es.\">olgaescriba@yahoo.es.<\/a><\/p>\n<p><!-- \/wp:paragraph --><\/p>\t\t\t\t\t\t\t\t<\/div>\n\t\t\t\t<\/div>\n\t\t\t\t\t<\/div>\n\t\t\t\t<\/div>\n\t\t\t\t<\/div>","protected":false},"excerpt":{"rendered":"<p>Effective Date: 08\/02\/2024 Welcome to Barci Luna Private Tours Barcelona. By accessing our website https:\/\/barcilunaprivatetoursbarcelona.com, you agree to comply with and be bound by the following terms and conditions. If you disagree with any part of these terms, please do not use our website. 1. Use of the Website 1.1. You must be at least 18 years old to use this website. 1.2. You are responsible for ensuring that the information provided during the booking process is accurate and complete. 1.3. Unauthorized use of this website may give rise to a claim for damages and\/or be a criminal offense. 2. Booking and Payments 2.1. All bookings are subject to availability. 2.2. Prices are in [currency] and include all taxes unless stated otherwise. 2.3. Payment must be made in full at the time of booking. 3. Cancelations and Refunds 3.1. Cancellations are free of charge up to 24 hours before the start of the tour. 3.2. If you cancel less than 24 hours in advance, no refund will be issued. 3.3. In the event of a no-show, the full amount of the booking will be charged. 3.4. To cancel or modify your booking, please contact us as early as possible. 4. Intellectual Property 4.1. All content on this website, including text, graphics, logos, and images, is the property of Barci Luna Private Tours Barcelona and is protected by copyright laws. 4.2. You may not reproduce, distribute, or transmit any part of the website without our prior written permission. 5. Limitation of Liability 5.1. Barci Luna Private Tours Barcelona shall not be liable for any direct, indirect, incidental, consequential, or punitive damages arising out of your use of, or inability to use, the website. 5.2. We do not warrant that the website will be free of viruses or other harmful components. 6. Governing Law 6.1. These terms and conditions are governed by and construed in accordance with the laws of Spain. 7. Changes to Terms and Conditions 7.1. We reserve the right to update, change, or replace any part of these terms and conditions at our sole discretion. By using our website, you agree to these terms and conditions. If you have any questions or concerns, please contact us at olgaescriba@yahoo.es.<\/p>","protected":false},"author":1,"featured_media":0,"parent":0,"menu_order":26,"comment_status":"closed","ping_status":"closed","template":"","meta":{"footnotes":""},"class_list":["post-4719","page","type-page","status-publish","hentry"],"yoast_head":"<!-- This site is optimized with the Yoast SEO plugin v23.6 - https:\/\/yoast.com\/wordpress\/plugins\/seo\/ -->\n<title>Terms and Conditions - Barciluna private tours barcelona<\/title>\n<meta name=\"robots\" content=\"index, follow, max-snippet:-1, max-image-preview:large, max-video-preview:-1\" \/>\n<link rel=\"canonical\" href=\"https:\/\/barcilunaprivatetoursbarcelona.com\/es\/terms-and-conditions-2\/\" \/>\n<meta property=\"og:locale\" content=\"es_ES\" \/>\n<meta property=\"og:type\" content=\"article\" \/>\n<meta property=\"og:title\" content=\"Terms and Conditions - Barciluna private tours barcelona\" \/>\n<meta property=\"og:description\" content=\"Effective Date: 08\/02\/2024 Welcome to Barci Luna Private Tours Barcelona. By accessing our website https:\/\/barcilunaprivatetoursbarcelona.com, you agree to comply with and be bound by the following terms and conditions. If you disagree with any part of these terms, please do not use our website. 1. Use of the Website 1.1. You must be at least 18 years old to use this website. 1.2. You are responsible for ensuring that the information provided during the booking process is accurate and complete. 1.3. Unauthorized use of this website may give rise to a claim for damages and\/or be a criminal offense. 2. Booking and Payments 2.1. All bookings are subject to availability. 2.2. Prices are in [currency] and include all taxes unless stated otherwise. 2.3. Payment must be made in full at the time of booking. 3. Cancelations and Refunds 3.1. Cancellations are free of charge up to 24 hours before the start of the tour. 3.2. If you cancel less than 24 hours in advance, no refund will be issued. 3.3. In the event of a no-show, the full amount of the booking will be charged. 3.4. To cancel or modify your booking, please contact us as early as possible. 4. Intellectual Property 4.1. All content on this website, including text, graphics, logos, and images, is the property of Barci Luna Private Tours Barcelona and is protected by copyright laws. 4.2. You may not reproduce, distribute, or transmit any part of the website without our prior written permission. 5. Limitation of Liability 5.1. Barci Luna Private Tours Barcelona shall not be liable for any direct, indirect, incidental, consequential, or punitive damages arising out of your use of, or inability to use, the website. 5.2. We do not warrant that the website will be free of viruses or other harmful components. 6. Governing Law 6.1. These terms and conditions are governed by and construed in accordance with the laws of Spain. 7. Changes to Terms and Conditions 7.1. We reserve the right to update, change, or replace any part of these terms and conditions at our sole discretion. By using our website, you agree to these terms and conditions. If you have any questions or concerns, please contact us at olgaescriba@yahoo.es.\" \/>\n<meta property=\"og:url\" content=\"https:\/\/barcilunaprivatetoursbarcelona.com\/es\/terms-and-conditions-2\/\" \/>\n<meta property=\"og:site_name\" content=\"Barciluna private tours barcelona\" \/>\n<meta property=\"article:modified_time\" content=\"2026-03-21T13:16:23+00:00\" \/>\n<meta property=\"og:image\" content=\"https:\/\/barcilunaprivatetoursbarcelona.com\/wp-content\/uploads\/2023\/09\/WhatsApp-Image-2023-08-17-at-15.56.00-1.jpeg\" \/>\n\t<meta property=\"og:image:width\" content=\"1600\" \/>\n\t<meta property=\"og:image:height\" content=\"1600\" \/>\n\t<meta property=\"og:image:type\" content=\"image\/jpeg\" \/>\n<meta name=\"twitter:card\" content=\"summary_large_image\" \/>\n<meta name=\"twitter:label1\" content=\"Tiempo de lectura\" \/>\n\t<meta name=\"twitter:data1\" content=\"2 minutos\" \/>\n<script type=\"application\/ld+json\" class=\"yoast-schema-graph\">{\"@context\":\"https:\/\/schema.org\",\"@graph\":[{\"@type\":\"WebPage\",\"@id\":\"https:\/\/barcilunaprivatetoursbarcelona.com\/terms-and-conditions-2\/\",\"url\":\"https:\/\/barcilunaprivatetoursbarcelona.com\/terms-and-conditions-2\/\",\"name\":\"Terms and Conditions - Barciluna private tours barcelona\",\"isPartOf\":{\"@id\":\"https:\/\/barcilunaprivatetoursbarcelona.com\/#website\"},\"datePublished\":\"2024-02-08T17:09:51+00:00\",\"dateModified\":\"2026-03-21T13:16:23+00:00\",\"breadcrumb\":{\"@id\":\"https:\/\/barcilunaprivatetoursbarcelona.com\/terms-and-conditions-2\/#breadcrumb\"},\"inLanguage\":\"es\",\"potentialAction\":[{\"@type\":\"ReadAction\",\"target\":[\"https:\/\/barcilunaprivatetoursbarcelona.com\/terms-and-conditions-2\/\"]}]},{\"@type\":\"BreadcrumbList\",\"@id\":\"https:\/\/barcilunaprivatetoursbarcelona.com\/terms-and-conditions-2\/#breadcrumb\",\"itemListElement\":[{\"@type\":\"ListItem\",\"position\":1,\"name\":\"Home\",\"item\":\"https:\/\/barcilunaprivatetoursbarcelona.com\/\"},{\"@type\":\"ListItem\",\"position\":2,\"name\":\"Terms and Conditions\"}]},{\"@type\":\"WebSite\",\"@id\":\"https:\/\/barcilunaprivatetoursbarcelona.com\/#website\",\"url\":\"https:\/\/barcilunaprivatetoursbarcelona.com\/\",\"name\":\"Barciluna Private Tours Barcelona\",\"description\":\"Barciluna  private tours barcelona\",\"publisher\":{\"@id\":\"https:\/\/barcilunaprivatetoursbarcelona.com\/#organization\"},\"alternateName\":\"Barciluna Private Tours Barcelona\",\"potentialAction\":[{\"@type\":\"SearchAction\",\"target\":{\"@type\":\"EntryPoint\",\"urlTemplate\":\"https:\/\/barcilunaprivatetoursbarcelona.com\/?s={search_term_string}\"},\"query-input\":{\"@type\":\"PropertyValueSpecification\",\"valueRequired\":true,\"valueName\":\"search_term_string\"}}],\"inLanguage\":\"es\"},{\"@type\":\"Organization\",\"@id\":\"https:\/\/barcilunaprivatetoursbarcelona.com\/#organization\",\"name\":\"Barciluna Private Tours Barcelona\",\"url\":\"https:\/\/barcilunaprivatetoursbarcelona.com\/\",\"logo\":{\"@type\":\"ImageObject\",\"inLanguage\":\"es\",\"@id\":\"https:\/\/barcilunaprivatetoursbarcelona.com\/#\/schema\/logo\/image\/\",\"url\":\"https:\/\/barcilunaprivatetoursbarcelona.com\/wp-content\/uploads\/2023\/09\/WhatsApp-Image-2023-08-17-at-15.56.00-1.jpeg\",\"contentUrl\":\"https:\/\/barcilunaprivatetoursbarcelona.com\/wp-content\/uploads\/2023\/09\/WhatsApp-Image-2023-08-17-at-15.56.00-1.jpeg\",\"width\":1600,\"height\":1600,\"caption\":\"Barciluna Private Tours Barcelona\"},\"image\":{\"@id\":\"https:\/\/barcilunaprivatetoursbarcelona.com\/#\/schema\/logo\/image\/\"}}]}<\/script>\n<!-- \/ Yoast SEO plugin. -->","yoast_head_json":{"title":"Terms and Conditions - Barciluna private tours barcelona","robots":{"index":"index","follow":"follow","max-snippet":"max-snippet:-1","max-image-preview":"max-image-preview:large","max-video-preview":"max-video-preview:-1"},"canonical":"https:\/\/barcilunaprivatetoursbarcelona.com\/es\/terms-and-conditions-2\/","og_locale":"es_ES","og_type":"article","og_title":"Terms and Conditions - Barciluna private tours barcelona","og_description":"Effective Date: 08\/02\/2024 Welcome to Barci Luna Private Tours Barcelona. By accessing our website https:\/\/barcilunaprivatetoursbarcelona.com, you agree to comply with and be bound by the following terms and conditions. If you disagree with any part of these terms, please do not use our website. 1. Use of the Website 1.1. You must be at least 18 years old to use this website. 1.2. You are responsible for ensuring that the information provided during the booking process is accurate and complete. 1.3. Unauthorized use of this website may give rise to a claim for damages and\/or be a criminal offense. 2. Booking and Payments 2.1. All bookings are subject to availability. 2.2. Prices are in [currency] and include all taxes unless stated otherwise. 2.3. Payment must be made in full at the time of booking. 3. Cancelations and Refunds 3.1. Cancellations are free of charge up to 24 hours before the start of the tour. 3.2. If you cancel less than 24 hours in advance, no refund will be issued. 3.3. In the event of a no-show, the full amount of the booking will be charged. 3.4. To cancel or modify your booking, please contact us as early as possible. 4. Intellectual Property 4.1. All content on this website, including text, graphics, logos, and images, is the property of Barci Luna Private Tours Barcelona and is protected by copyright laws. 4.2. You may not reproduce, distribute, or transmit any part of the website without our prior written permission. 5. Limitation of Liability 5.1. Barci Luna Private Tours Barcelona shall not be liable for any direct, indirect, incidental, consequential, or punitive damages arising out of your use of, or inability to use, the website. 5.2. We do not warrant that the website will be free of viruses or other harmful components. 6. Governing Law 6.1. These terms and conditions are governed by and construed in accordance with the laws of Spain. 7. Changes to Terms and Conditions 7.1. We reserve the right to update, change, or replace any part of these terms and conditions at our sole discretion. By using our website, you agree to these terms and conditions. If you have any questions or concerns, please contact us at olgaescriba@yahoo.es.","og_url":"https:\/\/barcilunaprivatetoursbarcelona.com\/es\/terms-and-conditions-2\/","og_site_name":"Barciluna private tours barcelona","article_modified_time":"2026-03-21T13:16:23+00:00","og_image":[{"width":1600,"height":1600,"url":"https:\/\/barcilunaprivatetoursbarcelona.com\/wp-content\/uploads\/2023\/09\/WhatsApp-Image-2023-08-17-at-15.56.00-1.jpeg","type":"image\/jpeg"}],"twitter_card":"summary_large_image","twitter_misc":{"Tiempo de lectura":"2 minutos"},"schema":{"@context":"https:\/\/schema.org","@graph":[{"@type":"WebPage","@id":"https:\/\/barcilunaprivatetoursbarcelona.com\/terms-and-conditions-2\/","url":"https:\/\/barcilunaprivatetoursbarcelona.com\/terms-and-conditions-2\/","name":"Terms and Conditions - Barciluna private tours barcelona","isPartOf":{"@id":"https:\/\/barcilunaprivatetoursbarcelona.com\/#website"},"datePublished":"2024-02-08T17:09:51+00:00","dateModified":"2026-03-21T13:16:23+00:00","breadcrumb":{"@id":"https:\/\/barcilunaprivatetoursbarcelona.com\/terms-and-conditions-2\/#breadcrumb"},"inLanguage":"es","potentialAction":[{"@type":"ReadAction","target":["https:\/\/barcilunaprivatetoursbarcelona.com\/terms-and-conditions-2\/"]}]},{"@type":"BreadcrumbList","@id":"https:\/\/barcilunaprivatetoursbarcelona.com\/terms-and-conditions-2\/#breadcrumb","itemListElement":[{"@type":"ListItem","position":1,"name":"Home","item":"https:\/\/barcilunaprivatetoursbarcelona.com\/"},{"@type":"ListItem","position":2,"name":"Terms and Conditions"}]},{"@type":"WebSite","@id":"https:\/\/barcilunaprivatetoursbarcelona.com\/#website","url":"https:\/\/barcilunaprivatetoursbarcelona.com\/","name":"Barciluna Private Tours Barcelona","description":"Barciluna  private tours barcelona","publisher":{"@id":"https:\/\/barcilunaprivatetoursbarcelona.com\/#organization"},"alternateName":"Barciluna Private Tours Barcelona","potentialAction":[{"@type":"SearchAction","target":{"@type":"EntryPoint","urlTemplate":"https:\/\/barcilunaprivatetoursbarcelona.com\/?s={search_term_string}"},"query-input":{"@type":"PropertyValueSpecification","valueRequired":true,"valueName":"search_term_string"}}],"inLanguage":"es"},{"@type":"Organization","@id":"https:\/\/barcilunaprivatetoursbarcelona.com\/#organization","name":"Barciluna Private Tours Barcelona","url":"https:\/\/barcilunaprivatetoursbarcelona.com\/","logo":{"@type":"ImageObject","inLanguage":"es","@id":"https:\/\/barcilunaprivatetoursbarcelona.com\/#\/schema\/logo\/image\/","url":"https:\/\/barcilunaprivatetoursbarcelona.com\/wp-content\/uploads\/2023\/09\/WhatsApp-Image-2023-08-17-at-15.56.00-1.jpeg","contentUrl":"https:\/\/barcilunaprivatetoursbarcelona.com\/wp-content\/uploads\/2023\/09\/WhatsApp-Image-2023-08-17-at-15.56.00-1.jpeg","width":1600,"height":1600,"caption":"Barciluna Private Tours Barcelona"},"image":{"@id":"https:\/\/barcilunaprivatetoursbarcelona.com\/#\/schema\/logo\/image\/"}}]}},"_hostinger_reach_plugin_has_subscription_block":false,"_hostinger_reach_plugin_is_elementor":false,"_links":{"self":[{"href":"https:\/\/barcilunaprivatetoursbarcelona.com\/es\/wp-json\/wp\/v2\/pages\/4719","targetHints":{"allow":["GET"]}}],"collection":[{"href":"https:\/\/barcilunaprivatetoursbarcelona.com\/es\/wp-json\/wp\/v2\/pages"}],"about":[{"href":"https:\/\/barcilunaprivatetoursbarcelona.com\/es\/wp-json\/wp\/v2\/types\/page"}],"author":[{"embeddable":true,"href":"https:\/\/barcilunaprivatetoursbarcelona.com\/es\/wp-json\/wp\/v2\/users\/1"}],"replies":[{"embeddable":true,"href":"https:\/\/barcilunaprivatetoursbarcelona.com\/es\/wp-json\/wp\/v2\/comments?post=4719"}],"version-history":[{"count":157,"href":"https:\/\/barcilunaprivatetoursbarcelona.com\/es\/wp-json\/wp\/v2\/pages\/4719\/revisions"}],"predecessor-version":[{"id":5428,"href":"https:\/\/barcilunaprivatetoursbarcelona.com\/es\/wp-json\/wp\/v2\/pages\/4719\/revisions\/5428"}],"wp:attachment":[{"href":"https:\/\/barcilunaprivatetoursbarcelona.com\/es\/wp-json\/wp\/v2\/media?parent=4719"}],"curies":[{"name":"wp","href":"https:\/\/api.w.org\/{rel}","templated":true}]}}