{"id":5438,"date":"2026-03-21T17:24:35","date_gmt":"2026-03-21T15:24:35","guid":{"rendered":"https:\/\/barcilunaprivatetoursbarcelona.com\/?page_id=5438"},"modified":"2026-03-22T23:06:57","modified_gmt":"2026-03-22T21:06:57","slug":"semi-private-tour-la-sagrada-familia","status":"publish","type":"page","link":"https:\/\/barcilunaprivatetoursbarcelona.com\/es\/semi-private-tour-la-sagrada-familia\/","title":{"rendered":"Semi private tour La Sagrada Fam\u00edlia"},"content":{"rendered":"<div data-elementor-type=\"wp-page\" data-elementor-id=\"5438\" class=\"elementor elementor-5438\" data-elementor-post-type=\"page\">\n\t\t\t\t<div class=\"elementor-element elementor-element-e9b4604 e-flex e-con-boxed wpr-particle-no wpr-jarallax-no wpr-parallax-no wpr-sticky-section-no e-con e-parent\" data-id=\"e9b4604\" data-element_type=\"container\" data-settings=\"{&quot;background_background&quot;:&quot;classic&quot;}\">\n\t\t\t\t\t<div class=\"e-con-inner\">\n\t\t<div class=\"elementor-element elementor-element-6f52e52 e-con-full e-flex wpr-particle-no wpr-jarallax-no wpr-parallax-no wpr-sticky-section-no e-con e-child\" data-id=\"6f52e52\" data-element_type=\"container\" data-settings=\"{&quot;background_background&quot;:&quot;gradient&quot;}\">\n\t\t\t\t<div class=\"elementor-element elementor-element-a53ea9b elementor-widget elementor-widget-heading\" data-id=\"a53ea9b\" data-element_type=\"widget\" data-widget_type=\"heading.default\">\n\t\t\t\t<div class=\"elementor-widget-container\">\n\t\t\t\t\t<h1 class=\"elementor-heading-title elementor-size-default\">Visita en grupos semiprivados en la Sagrada Familia<\/h1>\t\t\t\t<\/div>\n\t\t\t\t<\/div>\n\t\t\t\t<\/div>\n\t\t<div class=\"elementor-element elementor-element-797c6cd e-con-full e-flex wpr-particle-no wpr-jarallax-no wpr-parallax-no wpr-sticky-section-no e-con e-child\" data-id=\"797c6cd\" data-element_type=\"container\" data-settings=\"{&quot;background_background&quot;:&quot;classic&quot;}\">\n\t\t\t\t<div class=\"elementor-element elementor-element-f146cfb elementor-widget__width-initial elementor--h-position-center elementor--v-position-middle elementor-arrows-position-inside elementor-pagination-position-inside elementor-widget elementor-widget-slides\" data-id=\"f146cfb\" data-element_type=\"widget\" data-settings=\"{&quot;transition&quot;:&quot;fade&quot;,&quot;autoplay_speed&quot;:3000,&quot;transition_speed&quot;:2000,&quot;navigation&quot;:&quot;both&quot;,&quot;autoplay&quot;:&quot;yes&quot;,&quot;pause_on_hover&quot;:&quot;yes&quot;,&quot;pause_on_interaction&quot;:&quot;yes&quot;,&quot;infinite&quot;:&quot;yes&quot;}\" data-widget_type=\"slides.default\">\n\t\t\t\t<div class=\"elementor-widget-container\">\n\t\t\t\t\t\t\t\t\t<div class=\"elementor-swiper\">\n\t\t\t\t\t<div class=\"elementor-slides-wrapper elementor-main-swiper swiper\" role=\"region\" aria-roledescription=\"carousel\" aria-label=\"Slides\" dir=\"ltr\" data-animation=\"fadeInDown\">\n\t\t\t\t<div class=\"swiper-wrapper elementor-slides\">\n\t\t\t\t\t\t\t\t\t\t<div class=\"elementor-repeater-item-7857548 swiper-slide\" role=\"group\" aria-roledescription=\"slide\"><div class=\"swiper-slide-bg\" role=\"img\"><\/div><div class=\"swiper-slide-inner\" ><div class=\"swiper-slide-contents\"><\/div><\/div><\/div>\t\t\t\t<\/div>\n\t\t\t\t\t\t\t<\/div>\n\t\t\t\t<\/div>\n\t\t\t\t\t\t\t\t<\/div>\n\t\t\t\t<\/div>\n\t\t\t\t<div class=\"elementor-element elementor-element-2b7696a elementor-widget elementor-widget-html\" data-id=\"2b7696a\" data-element_type=\"widget\" data-widget_type=\"html.default\">\n\t\t\t\t<div class=\"elementor-widget-container\">\n\t\t\t\t\t<style>\r\n    .boton-flotante {\r\n        position: fixed;\r\n        bottom: 80px;\r\n        left:45px;\r\n        background-color:#1CD173;\r\n        \r\n        color: #ffffff!important;\r\n        font-weight: 700;\r\n        padding: 10px 20px;\r\n        border-radius: 30px;\r\n        cursor: pointer;\r\n        z-index: 1000;\r\n    }\r\n    .boton-flotante:hover {\r\n        background-color: #ac0ab8;\r\n    \r\n<\/style>\r\n\r\n<a href=\"https:\/\/barcilunaprivatetoursbarcelona.com\/es\/contact\/\" class=\"boton-flotante\">BOOK NOW<\/a>\r\n\t\t\t\t<\/div>\n\t\t\t\t<\/div>\n\t\t\t\t<\/div>\n\t\t<div class=\"elementor-element elementor-element-d88f164 e-con-full e-flex wpr-particle-no wpr-jarallax-no wpr-parallax-no wpr-sticky-section-no e-con e-child\" data-id=\"d88f164\" data-element_type=\"container\" data-settings=\"{&quot;background_background&quot;:&quot;classic&quot;}\">\n\t\t\t\t<div class=\"elementor-element elementor-element-bb376a2 elementor-widget elementor-widget-heading\" data-id=\"bb376a2\" data-element_type=\"widget\" data-widget_type=\"heading.default\">\n\t\t\t\t<div class=\"elementor-widget-container\">\n\t\t\t\t\t<h2 class=\"elementor-heading-title elementor-size-default\">\nSEMI-PRIVADO: 1 HORA Y 30 MINUTOS<\/h2>\t\t\t\t<\/div>\n\t\t\t\t<\/div>\n\t\t\t\t<div class=\"elementor-element elementor-element-97c0cd6 elementor-widget elementor-widget-text-editor\" data-id=\"97c0cd6\" data-element_type=\"widget\" data-widget_type=\"text-editor.default\">\n\t\t\t\t<div class=\"elementor-widget-container\">\n\t\t\t\t\t\t\t\t\t<p>Descubre la magia de la Sagrada Familia en una experiencia \u00fanica y exclusiva. Esta visita guiada est\u00e1 dise\u00f1ada para grupos semiprivados de hasta 9 personas, lo que te permite disfrutar de un recorrido mucho m\u00e1s cercano, c\u00f3modo y personalizado.<\/p><p>Olv\u00eddate de las multitudes y vive la obra maestra de Antoni Gaud\u00ed como realmente se merece: con tiempo, espacio y atenci\u00f3n a cada detalle. Compartir\u00e1s la experiencia con un grupo muy reducido, lo que facilita la interacci\u00f3n, las preguntas y una conexi\u00f3n m\u00e1s profunda con la historia, la arquitectura y el simbolismo del templo.<\/p><p>Durante el recorrido, descubrir\u00e1s los secretos mejor guardados de la bas\u00edlica, su impresionante juego de luces, sus fachadas llenas de significado y la genialidad que convirti\u00f3 este monumento en uno de los iconos m\u00e1s importantes del mundo.<\/p><p>\u2728 Perfect for travelers seeking a more exclusive, immersive, and meaningful experience.<\/p>\t\t\t\t\t\t\t\t<\/div>\n\t\t\t\t<\/div>\n\t\t\t\t<\/div>\n\t\t\t\t\t<\/div>\n\t\t\t\t<\/div>\n\t\t\t\t<\/div>","protected":false},"excerpt":{"rendered":"<p>SEMI-PRIVATE GROUP TOUR OF THE SAGRADA FAMILIA BOOK NOW SEMI-PRIVATE: 1 HOUR 30 MIN Experience the breathtaking beauty of the Sagrada Familia in a truly exclusive way. This guided tour is designed for semi-private groups of up to 9 people, allowing you to enjoy a more intimate, relaxed, and personalized visit. Escape the crowds and explore the masterpiece of Antoni Gaud\u00ed as it was meant to be experienced: with space, time, and attention to every detail. You\u2019ll share the visit with a very small group, making it easier to engage, ask questions, and connect deeply with the history, architecture, and symbolism of this extraordinary monument. Throughout the tour, you\u2019ll uncover hidden details, admire the stunning play of light, and understand the vision behind one of the most iconic landmarks in the world. \u2728 Perfect for travelers seeking a more exclusive, immersive, and meaningful experience.<\/p>","protected":false},"author":1,"featured_media":0,"parent":0,"menu_order":0,"comment_status":"closed","ping_status":"closed","template":"elementor_header_footer","meta":{"footnotes":""},"class_list":["post-5438","page","type-page","status-publish","hentry"],"yoast_head":"<!-- This site is optimized with the Yoast SEO plugin v23.6 - https:\/\/yoast.com\/wordpress\/plugins\/seo\/ -->\n<title>Semi private tour La Sagrada Fam\u00edlia - Barciluna private tours barcelona<\/title>\n<meta name=\"robots\" content=\"index, follow, max-snippet:-1, max-image-preview:large, max-video-preview:-1\" \/>\n<link rel=\"canonical\" href=\"https:\/\/barcilunaprivatetoursbarcelona.com\/es\/semi-private-tour-la-sagrada-familia\/\" \/>\n<meta property=\"og:locale\" content=\"es_ES\" \/>\n<meta property=\"og:type\" content=\"article\" \/>\n<meta property=\"og:title\" content=\"Semi private tour La Sagrada Fam\u00edlia - Barciluna private tours barcelona\" \/>\n<meta property=\"og:description\" content=\"SEMI-PRIVATE GROUP TOUR OF THE SAGRADA FAMILIA BOOK NOW SEMI-PRIVATE: 1 HOUR 30 MIN Experience the breathtaking beauty of the Sagrada Familia in a truly exclusive way. This guided tour is designed for semi-private groups of up to 9 people, allowing you to enjoy a more intimate, relaxed, and personalized visit. Escape the crowds and explore the masterpiece of Antoni Gaud\u00ed as it was meant to be experienced: with space, time, and attention to every detail. You\u2019ll share the visit with a very small group, making it easier to engage, ask questions, and connect deeply with the history, architecture, and symbolism of this extraordinary monument. Throughout the tour, you\u2019ll uncover hidden details, admire the stunning play of light, and understand the vision behind one of the most iconic landmarks in the world. \u2728 Perfect for travelers seeking a more exclusive, immersive, and meaningful experience.\" \/>\n<meta property=\"og:url\" content=\"https:\/\/barcilunaprivatetoursbarcelona.com\/es\/semi-private-tour-la-sagrada-familia\/\" \/>\n<meta property=\"og:site_name\" content=\"Barciluna private tours barcelona\" \/>\n<meta property=\"article:modified_time\" content=\"2026-03-22T21:06:57+00:00\" \/>\n<meta property=\"og:image\" content=\"https:\/\/barcilunaprivatetoursbarcelona.com\/wp-content\/uploads\/2023\/09\/WhatsApp-Image-2023-08-17-at-15.56.00-1.jpeg\" \/>\n\t<meta property=\"og:image:width\" content=\"1600\" \/>\n\t<meta property=\"og:image:height\" content=\"1600\" \/>\n\t<meta property=\"og:image:type\" content=\"image\/jpeg\" \/>\n<meta name=\"twitter:card\" content=\"summary_large_image\" \/>\n<meta name=\"twitter:label1\" content=\"Tiempo de lectura\" \/>\n\t<meta name=\"twitter:data1\" content=\"1 minuto\" \/>\n<script type=\"application\/ld+json\" class=\"yoast-schema-graph\">{\"@context\":\"https:\/\/schema.org\",\"@graph\":[{\"@type\":\"WebPage\",\"@id\":\"https:\/\/barcilunaprivatetoursbarcelona.com\/semi-private-tour-la-sagrada-familia\/\",\"url\":\"https:\/\/barcilunaprivatetoursbarcelona.com\/semi-private-tour-la-sagrada-familia\/\",\"name\":\"Semi private tour La Sagrada Fam\u00edlia - Barciluna private tours barcelona\",\"isPartOf\":{\"@id\":\"https:\/\/barcilunaprivatetoursbarcelona.com\/#website\"},\"datePublished\":\"2026-03-21T15:24:35+00:00\",\"dateModified\":\"2026-03-22T21:06:57+00:00\",\"breadcrumb\":{\"@id\":\"https:\/\/barcilunaprivatetoursbarcelona.com\/semi-private-tour-la-sagrada-familia\/#breadcrumb\"},\"inLanguage\":\"es\",\"potentialAction\":[{\"@type\":\"ReadAction\",\"target\":[\"https:\/\/barcilunaprivatetoursbarcelona.com\/semi-private-tour-la-sagrada-familia\/\"]}]},{\"@type\":\"BreadcrumbList\",\"@id\":\"https:\/\/barcilunaprivatetoursbarcelona.com\/semi-private-tour-la-sagrada-familia\/#breadcrumb\",\"itemListElement\":[{\"@type\":\"ListItem\",\"position\":1,\"name\":\"Home\",\"item\":\"https:\/\/barcilunaprivatetoursbarcelona.com\/\"},{\"@type\":\"ListItem\",\"position\":2,\"name\":\"Semi private tour La Sagrada Fam\u00edlia\"}]},{\"@type\":\"WebSite\",\"@id\":\"https:\/\/barcilunaprivatetoursbarcelona.com\/#website\",\"url\":\"https:\/\/barcilunaprivatetoursbarcelona.com\/\",\"name\":\"Barciluna Private Tours Barcelona\",\"description\":\"Barciluna  private tours barcelona\",\"publisher\":{\"@id\":\"https:\/\/barcilunaprivatetoursbarcelona.com\/#organization\"},\"alternateName\":\"Barciluna Private Tours Barcelona\",\"potentialAction\":[{\"@type\":\"SearchAction\",\"target\":{\"@type\":\"EntryPoint\",\"urlTemplate\":\"https:\/\/barcilunaprivatetoursbarcelona.com\/?s={search_term_string}\"},\"query-input\":{\"@type\":\"PropertyValueSpecification\",\"valueRequired\":true,\"valueName\":\"search_term_string\"}}],\"inLanguage\":\"es\"},{\"@type\":\"Organization\",\"@id\":\"https:\/\/barcilunaprivatetoursbarcelona.com\/#organization\",\"name\":\"Barciluna Private Tours Barcelona\",\"url\":\"https:\/\/barcilunaprivatetoursbarcelona.com\/\",\"logo\":{\"@type\":\"ImageObject\",\"inLanguage\":\"es\",\"@id\":\"https:\/\/barcilunaprivatetoursbarcelona.com\/#\/schema\/logo\/image\/\",\"url\":\"https:\/\/barcilunaprivatetoursbarcelona.com\/wp-content\/uploads\/2023\/09\/WhatsApp-Image-2023-08-17-at-15.56.00-1.jpeg\",\"contentUrl\":\"https:\/\/barcilunaprivatetoursbarcelona.com\/wp-content\/uploads\/2023\/09\/WhatsApp-Image-2023-08-17-at-15.56.00-1.jpeg\",\"width\":1600,\"height\":1600,\"caption\":\"Barciluna Private Tours Barcelona\"},\"image\":{\"@id\":\"https:\/\/barcilunaprivatetoursbarcelona.com\/#\/schema\/logo\/image\/\"}}]}<\/script>\n<!-- \/ Yoast SEO plugin. -->","yoast_head_json":{"title":"Semi private tour La Sagrada Fam\u00edlia - Barciluna private tours barcelona","robots":{"index":"index","follow":"follow","max-snippet":"max-snippet:-1","max-image-preview":"max-image-preview:large","max-video-preview":"max-video-preview:-1"},"canonical":"https:\/\/barcilunaprivatetoursbarcelona.com\/es\/semi-private-tour-la-sagrada-familia\/","og_locale":"es_ES","og_type":"article","og_title":"Semi private tour La Sagrada Fam\u00edlia - Barciluna private tours barcelona","og_description":"SEMI-PRIVATE GROUP TOUR OF THE SAGRADA FAMILIA BOOK NOW SEMI-PRIVATE: 1 HOUR 30 MIN Experience the breathtaking beauty of the Sagrada Familia in a truly exclusive way. This guided tour is designed for semi-private groups of up to 9 people, allowing you to enjoy a more intimate, relaxed, and personalized visit. Escape the crowds and explore the masterpiece of Antoni Gaud\u00ed as it was meant to be experienced: with space, time, and attention to every detail. You\u2019ll share the visit with a very small group, making it easier to engage, ask questions, and connect deeply with the history, architecture, and symbolism of this extraordinary monument. Throughout the tour, you\u2019ll uncover hidden details, admire the stunning play of light, and understand the vision behind one of the most iconic landmarks in the world. \u2728 Perfect for travelers seeking a more exclusive, immersive, and meaningful experience.","og_url":"https:\/\/barcilunaprivatetoursbarcelona.com\/es\/semi-private-tour-la-sagrada-familia\/","og_site_name":"Barciluna private tours barcelona","article_modified_time":"2026-03-22T21:06:57+00:00","og_image":[{"width":1600,"height":1600,"url":"https:\/\/barcilunaprivatetoursbarcelona.com\/wp-content\/uploads\/2023\/09\/WhatsApp-Image-2023-08-17-at-15.56.00-1.jpeg","type":"image\/jpeg"}],"twitter_card":"summary_large_image","twitter_misc":{"Tiempo de lectura":"1 minuto"},"schema":{"@context":"https:\/\/schema.org","@graph":[{"@type":"WebPage","@id":"https:\/\/barcilunaprivatetoursbarcelona.com\/semi-private-tour-la-sagrada-familia\/","url":"https:\/\/barcilunaprivatetoursbarcelona.com\/semi-private-tour-la-sagrada-familia\/","name":"Semi private tour La Sagrada Fam\u00edlia - Barciluna private tours barcelona","isPartOf":{"@id":"https:\/\/barcilunaprivatetoursbarcelona.com\/#website"},"datePublished":"2026-03-21T15:24:35+00:00","dateModified":"2026-03-22T21:06:57+00:00","breadcrumb":{"@id":"https:\/\/barcilunaprivatetoursbarcelona.com\/semi-private-tour-la-sagrada-familia\/#breadcrumb"},"inLanguage":"es","potentialAction":[{"@type":"ReadAction","target":["https:\/\/barcilunaprivatetoursbarcelona.com\/semi-private-tour-la-sagrada-familia\/"]}]},{"@type":"BreadcrumbList","@id":"https:\/\/barcilunaprivatetoursbarcelona.com\/semi-private-tour-la-sagrada-familia\/#breadcrumb","itemListElement":[{"@type":"ListItem","position":1,"name":"Home","item":"https:\/\/barcilunaprivatetoursbarcelona.com\/"},{"@type":"ListItem","position":2,"name":"Semi private tour La Sagrada Fam\u00edlia"}]},{"@type":"WebSite","@id":"https:\/\/barcilunaprivatetoursbarcelona.com\/#website","url":"https:\/\/barcilunaprivatetoursbarcelona.com\/","name":"Barciluna Private Tours Barcelona","description":"Barciluna  private tours barcelona","publisher":{"@id":"https:\/\/barcilunaprivatetoursbarcelona.com\/#organization"},"alternateName":"Barciluna Private Tours Barcelona","potentialAction":[{"@type":"SearchAction","target":{"@type":"EntryPoint","urlTemplate":"https:\/\/barcilunaprivatetoursbarcelona.com\/?s={search_term_string}"},"query-input":{"@type":"PropertyValueSpecification","valueRequired":true,"valueName":"search_term_string"}}],"inLanguage":"es"},{"@type":"Organization","@id":"https:\/\/barcilunaprivatetoursbarcelona.com\/#organization","name":"Barciluna Private Tours Barcelona","url":"https:\/\/barcilunaprivatetoursbarcelona.com\/","logo":{"@type":"ImageObject","inLanguage":"es","@id":"https:\/\/barcilunaprivatetoursbarcelona.com\/#\/schema\/logo\/image\/","url":"https:\/\/barcilunaprivatetoursbarcelona.com\/wp-content\/uploads\/2023\/09\/WhatsApp-Image-2023-08-17-at-15.56.00-1.jpeg","contentUrl":"https:\/\/barcilunaprivatetoursbarcelona.com\/wp-content\/uploads\/2023\/09\/WhatsApp-Image-2023-08-17-at-15.56.00-1.jpeg","width":1600,"height":1600,"caption":"Barciluna Private Tours Barcelona"},"image":{"@id":"https:\/\/barcilunaprivatetoursbarcelona.com\/#\/schema\/logo\/image\/"}}]}},"_links":{"self":[{"href":"https:\/\/barcilunaprivatetoursbarcelona.com\/es\/wp-json\/wp\/v2\/pages\/5438","targetHints":{"allow":["GET"]}}],"collection":[{"href":"https:\/\/barcilunaprivatetoursbarcelona.com\/es\/wp-json\/wp\/v2\/pages"}],"about":[{"href":"https:\/\/barcilunaprivatetoursbarcelona.com\/es\/wp-json\/wp\/v2\/types\/page"}],"author":[{"embeddable":true,"href":"https:\/\/barcilunaprivatetoursbarcelona.com\/es\/wp-json\/wp\/v2\/users\/1"}],"replies":[{"embeddable":true,"href":"https:\/\/barcilunaprivatetoursbarcelona.com\/es\/wp-json\/wp\/v2\/comments?post=5438"}],"version-history":[{"count":13,"href":"https:\/\/barcilunaprivatetoursbarcelona.com\/es\/wp-json\/wp\/v2\/pages\/5438\/revisions"}],"predecessor-version":[{"id":5465,"href":"https:\/\/barcilunaprivatetoursbarcelona.com\/es\/wp-json\/wp\/v2\/pages\/5438\/revisions\/5465"}],"wp:attachment":[{"href":"https:\/\/barcilunaprivatetoursbarcelona.com\/es\/wp-json\/wp\/v2\/media?parent=5438"}],"curies":[{"name":"wp","href":"https:\/\/api.w.org\/{rel}","templated":true}]}}